{"id":146940,"date":"2026-04-08T18:59:39","date_gmt":"2026-04-08T16:59:39","guid":{"rendered":"https:\/\/loudavymkrokem.cz\/dataskyddspolicy\/"},"modified":"2026-04-08T18:59:39","modified_gmt":"2026-04-08T16:59:39","slug":"dataskyddspolicy","status":"publish","type":"page","link":"https:\/\/loudavymkrokem.cz\/sv\/dataskyddspolicy\/","title":{"rendered":"Dataskyddspolicy"},"content":{"rendered":"<p style=\"text-align: justify;\"><span style=\"font-weight: 400;\">Om du \u00e4r bes\u00f6kare p\u00e5 v\u00e5r blogg, prenumerant p\u00e5 nyhetsbrev, kostnadsfria kurser eller v\u00e5r kund, delar du personuppgifter med oss. Vi bearbetar dina uppgifter och \u00e4r ansvariga f\u00f6r deras s\u00e4kerhet. Vi lovar att skydda dina uppgifter tillr\u00e4ckligt och f\u00f6lja kraven i dataskyddsf\u00f6rordningen (GDPR).<\/span><\/p>\n<p style=\"text-align: justify;\"><span style=\"font-weight: 400;\">Vi s\u00e4ljer ingen produkt, s\u00e5 du \u00e4r inte v\u00e5r kund utan bloggbes\u00f6kare. I framtiden planerar vi dock att s\u00e4lja egna produkter, och d\u00e4rf\u00f6r inneh\u00e5ller detta dokument \u00e4ven riktlinjer och kundernas r\u00e4ttigheter. Kanske blir du det en dag. \ud83d\ude42 <\/span><\/p>\n<h2 style=\"text-align: justify;\"><b>Personuppgiftsansvarig \u00e4r Luk\u00e1\u0161 (Lucka tittar inte ens \u00f6ver axeln!)<\/b><\/h2>\n<p style=\"text-align: justify;\"><span style=\"font-weight: 400;\">Personuppgiftsansvarig \u00e4r Luk\u00e1\u0161 Kone\u010dn\u00fd, Velk\u00e9 n\u00e1m\u011bst\u00ed 27\/19, P\u00edsek 397 01, I\u010cO: 88563766, som driver webbplatsen loudavymkrokem.cz. Luk\u00e1\u0161 hanterar dina uppgifter och best\u00e4mmer hur l\u00e4nge personuppgifter ska bearbetas och f\u00f6r vilket \u00e4ndam\u00e5l. Han v\u00e4ljer ocks\u00e5 ytterligare personuppgiftsbitr\u00e4den som vi anv\u00e4nder f\u00f6r bearbetning.<\/span><\/p>\n<h2 style=\"text-align: justify;\"><b>Vilka uppgifter bearbetar vi och varf\u00f6r<\/b><\/h2>\n<p style=\"text-align: justify;\"><span style=\"font-weight: 400;\">Vi bearbetar dina personuppgifter fr\u00e4mst f\u00f6r att kunna ge dig h\u00f6gkvalitativt inneh\u00e5l och skicka saker gratis. Individuella sk\u00e4l f\u00f6r bearbetning:<\/span><\/p>\n<ul style=\"text-align: justify;\">\n<li style=\"font-weight: 400;\">\n<h3><b>E-postkampanjer och nyhetsbrev<\/b><\/h3>\n<\/li>\n<\/ul>\n<p style=\"text-align: justify;\"><span style=\"font-weight: 400;\">Du \u00e4r l\u00e4sare: Vi skickar nyheter eller kostnadsfria kurser via e-post som du har prenumererat p\u00e5. Vi bearbetar din e-postadress, f\u00f6ljer vad du klickar p\u00e5 i e-posten och vilka typer av e-postmeddelanden fr\u00e5n oss du \u00f6ppnar, f\u00f6r att b\u00e4ttre v\u00e4lja inneh\u00e5l som kan intressera dig.<\/span><\/p>\n<p style=\"text-align: justify;\"><span style=\"font-weight: 400;\">Du \u00e4r kund: Vi bearbetar din e-postadress, f\u00f6ljer vad du klickar p\u00e5 i e-posten och vilka typer av e-postmeddelanden fr\u00e5n oss du \u00f6ppnar f\u00f6r direkt marknadsf\u00f6ring \u2013 skicka kommersiella meddelanden. Om du \u00e4r v\u00e5r kund skickar vi dig nyheter p\u00e5 grund av ett ber\u00e4ttigat intresse som vi rimligen kan f\u00f6ruts\u00e4tta hos dig.<\/span><\/p>\n<ul style=\"text-align: justify;\">\n<li style=\"font-weight: 400;\">\n<h3><b>T\u00e4vlingar och giveaways<\/b><\/h3>\n<\/li>\n<\/ul>\n<p style=\"text-align: justify;\"><span style=\"font-weight: 400;\">Om du deltar i n\u00e5gon av v\u00e5ra t\u00e4vlingar bearbetar vi din e-postadress endast f\u00f6r att kunna kontakta dig om du vinner. Efter t\u00e4vlingen avslutas raderas din kontaktuppgift fr\u00e5n v\u00e5r databas, om du inte explicit bekr\u00e4ftar ditt samtycke till att ta emot ytterligare e-postmeddelanden.<\/span><\/p>\n<ul style=\"text-align: justify;\">\n<li style=\"font-weight: 400;\">\n<h3><b>Tillhandah\u00e5llande av tj\u00e4nster, uppfyllelse av handelsavtal och bokf\u00f6ring<\/b><\/h3>\n<\/li>\n<\/ul>\n<p style=\"text-align: justify;\"><span style=\"font-weight: 400;\">Om du \u00e4r v\u00e5r kund bearbetar vi dessa personuppgifter f\u00f6r att uppfylla avtalet (t.ex. skicka inloggningsinformation till onlinekursen, registrera i bokf\u00f6ringen): fakturauppgifter och e-post.<\/span><\/p>\n<p style=\"text-align: justify;\"><span style=\"font-weight: 400;\">Vi bearbetar personuppgifter under tiden du ger ditt samtycke, men h\u00f6gst 10 \u00e5r efter samtycke eller senaste order.<\/span><\/p>\n<h2 style=\"text-align: justify;\"><b>\u00d6verl\u00e4mning av personuppgifter till tredje part<\/b><\/h2>\n<p style=\"text-align: justify;\"><span style=\"font-weight: 400;\">Dina uppgifter bearbetas av ansvarig Luk\u00e1\u0161 Kone\u010dn\u00fd, med hj\u00e4lp av tv\u00e5 ytterligare personuppgiftsbitr\u00e4den, f\u00f6retagen ConvertKit och Sumo, vars bearbetning best\u00e5r av lagring av uppgifter p\u00e5 s\u00e4kra molnservrar. <\/span><\/p>\n<p style=\"text-align: justify;\"><span style=\"font-weight: 400;\">F\u00f6r att kunna m\u00e4ta hur mycket du gillar v\u00e5r blogg, var du tillbringar mest tid och vad du klickar p\u00e5 anv\u00e4nder vi ytterligare tj\u00e4nsteleverant\u00f6rer f\u00f6r vissa bearbetningsoperationer. De \u00e4r:<\/span><\/p>\n<p style=\"text-align: justify;\"><span style=\"font-weight: 400;\">Google \u2013 Google Analytics med hj\u00e4lp av m\u00e4tkod<\/span><\/p>\n<p style=\"text-align: justify;\"><span style=\"font-weight: 400;\">Facebook \u2013 FB Pixel med hj\u00e4lp av m\u00e4tkod.<\/span><\/p>\n<h2 style=\"text-align: justify;\"><b>Hur du kan kontakta oss<\/b><\/h2>\n<p style=\"text-align: justify;\"><span style=\"font-weight: 400;\">Om du har n\u00e5gon fr\u00e5ga eller f\u00f6rfr\u00e5gan kan du kontakta oss p\u00e5 e-postadressen: ahoj@loudavymkrokem.cz. <\/span><\/p>\n<h2 style=\"text-align: justify;\"><b>\u00d6verl\u00e4mning av dina uppgifter utanf\u00f6r Europeiska unionen<\/b><\/h2>\n<p style=\"text-align: justify;\"><span style=\"font-weight: 400;\">Vi bearbetar dina uppgifter uteslutande i Europeiska unionen eller i l\u00e4nder som s\u00e4kerst\u00e4ller l\u00e4mplig skyddsniv\u00e5 enligt ett beslut fr\u00e5n Europeiska kommissionen.<\/span><\/p>\n<h2 style=\"text-align: justify;\"><b>S\u00e4kerhet och skydd av personuppgifter<\/b><\/h2>\n<p style=\"text-align: justify;\"><span style=\"font-weight: 400;\">Dina uppgifter \u00e4r s\u00e4kra hos oss. Vi har vidtagit tekniska \u00e5tg\u00e4rder som s\u00e4kerst\u00e4ller skydd av personuppgifter genom kryptering av data\u00f6verf\u00f6ring med hj\u00e4lp av HTTPS-protokollet (l\u00e5set bredvid v\u00e5r URL-adress ;-)) och s\u00e4krat dina personuppgifter i enlighet med artikel 32 i GDPR.<\/span><\/p>\n<h2 style=\"text-align: justify;\"><b>Dina r\u00e4ttigheter relaterade till dataskydd<\/b><\/h2>\n<p style=\"text-align: justify;\"><span style=\"font-weight: 400;\">Du har ett antal r\u00e4ttigheter n\u00e4r det g\u00e4ller dataskydd. Om du vill utnyttja n\u00e5gon av dessa r\u00e4ttigheter, v\u00e4nligen kontakta oss via e-post: ahoj@loudavymkrokem.cz<\/span><\/p>\n<p style=\"text-align: justify;\"><span style=\"font-weight: 400;\">Du har <\/span><b>r\u00e4tt till information<\/b><span style=\"font-weight: 400;\">, som du l\u00e4ser just nu. \ud83d\ude42<\/span><\/p>\n<p style=\"text-align: justify;\"><span style=\"font-weight: 400;\">Tack vare <\/span><b>r\u00e4tten till \u00e5tkomst<\/b><span style=\"font-weight: 400;\"> kan du n\u00e4r som helst kr\u00e4va att vi presenterar vilka personuppgifter vi bearbetar och varf\u00f6r inom 30 dagar. <\/span><span style=\"font-weight: 400;\">Om n\u00e5got f\u00f6r\u00e4ndras f\u00f6r dig eller du anser att dina personuppgifter \u00e4r felaktiga eller ofullst\u00e4ndiga har du <\/span><b>r\u00e4tt till r\u00e4ttelse och komplettering<\/b><span style=\"font-weight: 400;\"> av personuppgifter.<\/span><\/p>\n<p style=\"text-align: justify;\"><b>R\u00e4tt till begr\u00e4nsning av bearbetning<\/b><span style=\"font-weight: 400;\"> kan du anv\u00e4nda om du anser att vi bearbetar dina felaktiga uppgifter, om du anser att vi utf\u00f6r bearbetningen p\u00e5 ett olagligt s\u00e4tt men du inte vill radera alla uppgifter eller om du har gjort ett inv\u00e4ndning mot bearbetningen. <\/span><span style=\"font-weight: 400;\">Du kan begr\u00e4nsa omfattningen av personuppgifter eller \u00e4ndam\u00e5l f\u00f6r bearbetning.<\/span><\/p>\n<p style=\"text-align: justify;\"><b>R\u00e4tt till radering (r\u00e4tt att bli gl\u00f6md)<\/b><\/p>\n<p style=\"text-align: justify;\"><span style=\"font-weight: 400;\">Din ytterligare r\u00e4ttighet \u00e4r r\u00e4tten till radering (r\u00e4tt att bli gl\u00f6md). Vi vill inte gl\u00f6mma dig, men om du \u00f6nskar det har du r\u00e4tt till det. \ud83d\ude1e  <\/span><span style=\"font-weight: 400;\">I s\u00e5 fall raderar vi alla dina personuppgifter fr\u00e5n v\u00e5rt system och fr\u00e5n systemet f\u00f6r alla underordnade personuppgiftsbitr\u00e4den och s\u00e4kerhetskopior. F\u00f6r att s\u00e4kerst\u00e4lla r\u00e4tten till radering beh\u00f6ver vi 30 dagar.<\/span><\/p>\n<p style=\"text-align: justify;\"><span style=\"font-weight: 400;\">I vissa fall \u00e4r vi bundna av en laglig skyldighet, och t.ex. m\u00e5ste jag f\u00f6ra register \u00f6ver utf\u00e4rdade skattehandlingar under en period som fastst\u00e4lls i lag. I det h\u00e4r fallet raderar vi d\u00e4rf\u00f6r alla s\u00e5dana personuppgifter som inte \u00e4r bundna av annan lag. Vi informerar dig via e-post om att raderingen \u00e4r slutf\u00f6rd.<\/span><\/p>\n<p style=\"text-align: justify;\"><b>Klagom\u00e5l till Datainspektionen<\/b><\/p>\n<p style=\"text-align: justify;\"><span style=\"font-weight: 400;\">Om du anser att vi inte hanterar dina uppgifter i enlighet med lag har du r\u00e4tt att n\u00e4r som helst l\u00e4mna in ett klagom\u00e5l till Datainspektionen. Vi skulle mycket g\u00e4rna vilja att du f\u00f6rst informerar oss om denna misstanke s\u00e5 att vi kan g\u00f6ra n\u00e5got \u00e5t det och r\u00e4tta till eventuella fel.<\/span><\/p>\n<p style=\"text-align: justify;\"><b>Avsluta prenumeration p\u00e5 nyhetsbrev och kommersiella meddelanden<\/b><\/p>\n<p style=\"text-align: justify;\"><span style=\"font-weight: 400;\">Vi skickar e-postmeddelanden med inspiration, artiklar eller produkter och tj\u00e4nster till dig om du \u00e4r v\u00e5r kund p\u00e5 grund av v\u00e5rt ber\u00e4ttigade intresse.<\/span><\/p>\n<p style=\"text-align: justify;\"><span style=\"font-weight: 400;\">Om du inte \u00e4r kund \u00e4n skickar vi dem endast med ditt samtycke. I b\u00e5da fallen kan du avsluta mottagandet av v\u00e5ra e-postmeddelanden genom att klicka p\u00e5 avslutningsl\u00e4nken i varje e-postmeddelande som skickas.<\/span><\/p>\n<h2 style=\"text-align: justify;\"><b>Konfidentialitet<\/b><\/h2>\n<p style=\"text-align: justify;\"><span style=\"font-weight: 400;\">Vi \u00e4r skyldiga att h\u00e5lla sekretess om personuppgifter och s\u00e4kerhetsprinciper vars offentligg\u00f6rande skulle \u00e4ventyra skyddet av dina personuppgifter. Denna sekretess g\u00e4ller \u00e4ven efter att v\u00e5ra avtalsf\u00f6rh\u00e5llanden med dig har avslutats. Vi kommer inte heller att ge dina uppgifter till n\u00e5gon tredje part utan ditt samtycke.<\/span><\/p>\n<p style=\"text-align: justify;\"><span style=\"font-weight: 400;\">Denna dataskyddspolicy tr\u00e4der i kraft den 25 maj 2018<\/span><\/p>\n","protected":false},"excerpt":{"rendered":"<p>Vi skyddar dina personuppgifter enligt GDPR. L\u00e4s hur vi bearbetar, lagrar och s\u00e4kerst\u00e4ller s\u00e4kerheten f\u00f6r dina data, samt dina r\u00e4ttigheter.<\/p>\n","protected":false},"author":2,"featured_media":0,"parent":0,"menu_order":0,"comment_status":"closed","ping_status":"closed","template":"","meta":{"footnotes":""},"class_list":["post-146940","page","type-page","status-publish"],"featured_image_src":null,"_links":{"self":[{"href":"https:\/\/loudavymkrokem.cz\/sv\/wp-json\/wp\/v2\/pages\/146940","targetHints":{"allow":["GET"]}}],"collection":[{"href":"https:\/\/loudavymkrokem.cz\/sv\/wp-json\/wp\/v2\/pages"}],"about":[{"href":"https:\/\/loudavymkrokem.cz\/sv\/wp-json\/wp\/v2\/types\/page"}],"author":[{"embeddable":true,"href":"https:\/\/loudavymkrokem.cz\/sv\/wp-json\/wp\/v2\/users\/2"}],"replies":[{"embeddable":true,"href":"https:\/\/loudavymkrokem.cz\/sv\/wp-json\/wp\/v2\/comments?post=146940"}],"version-history":[{"count":0,"href":"https:\/\/loudavymkrokem.cz\/sv\/wp-json\/wp\/v2\/pages\/146940\/revisions"}],"wp:attachment":[{"href":"https:\/\/loudavymkrokem.cz\/sv\/wp-json\/wp\/v2\/media?parent=146940"}],"curies":[{"name":"wp","href":"https:\/\/api.w.org\/{rel}","templated":true}]}}