{"id":146938,"date":"2014-08-08T10:27:11","date_gmt":"2014-08-08T08:27:11","guid":{"rendered":"https:\/\/loudavymkrokem.cz\/om-oss\/"},"modified":"2026-04-08T23:50:56","modified_gmt":"2026-04-08T21:50:56","slug":"om-oss","status":"publish","type":"page","link":"https:\/\/loudavymkrokem.cz\/sv\/om-oss\/","title":{"rendered":"Om oss"},"content":{"rendered":"\n<p>Jsme man\u017eel\u00e9 Luk\u00e1\u0161 a Lucka. Do na\u0161\u00ed rodiny pat\u0159\u00ed tak\u00e9 pes Karel a pejska Baby. Milujeme hory, ji\u017en\u00ed \u010cechy a nav\u0161t\u00edvili jsme des\u00edtky zem\u00ed sv\u011bta. \u017div\u00edme se p\u0159ev\u00e1\u017en\u011b on-line prodejem kvalitn\u00edho zbo\u017e\u00ed \u010desk\u00fdch a vlastn\u00edch zna\u010dek.<\/p>\n\n<p>Lid\u00e9 si o n\u00e1s mysl\u00ed, \u017ee <b>m\u00e1me velk\u00e9 \u0161t\u011bst\u00ed, proto\u017ee m\u016f\u017eeme pracovat online a cestovat<\/b>, my to vid\u00edme trochu jinak: m\u00e1me \u0161t\u011bst\u00ed <b>proto, \u017ee jsme na\u0161li jeden druh\u00e9ho.<\/b> Je kr\u00e1sn\u00e9 moct pracovat odkudkoliv ze sv\u011bta a pozn\u00e1vat jin\u00e9 kultury, ale to nejkr\u00e1sn\u011bj\u0161\u00ed na tom je, \u017ee v\u0161echno pro\u017e\u00edv\u00e1me spolu.<\/p>\n\n<p>V roce 2021 jsme zakotvili v P\u00edsku, kde jsme si po\u0159\u00eddili byt. <strong>Spole\u010dn\u011b se psem Karlem chod\u00edme ka\u017ed\u00fd den do kancel\u00e1\u0159e v na\u0161\u00ed firm\u011b <a href=\"https:\/\/www.nanospace.cz\" target=\"_blank\" rel=\"noopener\">nanoSPACE<\/a> (<a href=\"https:\/\/www.nanospace.de\" data-type=\"link\" data-id=\"https:\/\/www.nanospace.de\" target=\"_blank\" rel=\"noopener\">nanospace.de<\/a>, <a href=\"https:\/\/www.nanospace.store\" data-type=\"link\" data-id=\"https:\/\/www.nanospace.store\" target=\"_blank\" rel=\"noopener\">nanospace.store<\/a>), kde se star\u00e1me o provoz, finance, marketing, strategii a rozvoj.<\/strong> K tomu pod na\u0161\u00ed zna\u010dkou <strong><a href=\"https:\/\/www.lkmedia.cz\" target=\"_blank\" rel=\"noopener\">LK MEDIA<\/a>\u00a0<\/strong>pom\u00e1h\u00e1me klient\u016f rozv\u00edjet jejich podnik\u00e1n\u00ed v on-linu.<\/p>\n\n<p><strong>P\u0159\u00edklad na\u0161ich klient\u016f:<\/strong><\/p>\n\n<ul class=\"wp-block-list\">\n<li><a href=\"http:\/\/ochutnejorech.cz\/\" target=\"_blank\" rel=\"noreferrer noopener\">Ochutnejo\u0159ech.cz<\/a><\/li>\n\n\n\n<li><a href=\"https:\/\/www.ochutnejorech.sk\" target=\"_blank\" rel=\"noopener\">Ochutnejorech.sk<\/a><\/li>\n\n\n\n<li><a href=\"https:\/\/www.onlinejazyky.cz\/\" target=\"_blank\" rel=\"noreferrer noopener\">Onlinejazyky.cz<\/a><\/li>\n\n\n\n<li><a href=\"https:\/\/www.super-granule.cz\/\" target=\"_blank\" rel=\"noopener\">Super-granule.cz<\/a><\/li>\n\n\n\n<li><a href=\"https:\/\/www.woodstonepisek.cz\" data-type=\"link\" data-id=\"https:\/\/www.todly.cz\" target=\"_blank\" rel=\"noopener\">woodstonepisek.cz<\/a><\/li>\n\n\n\n<li><a href=\"https:\/\/www.barboraenglischova.cz\" target=\"_blank\" rel=\"noopener\">barboraeglischova.cz<\/a><\/li>\n<\/ul>\n<div class=\"wp-block-image\">\n<figure class=\"aligncenter size-full\"><img loading=\"lazy\" decoding=\"async\" width=\"700\" height=\"700\" src=\"https:\/\/www.loudavymkrokem.cz\/wp-content\/uploads\/2023\/05\/lukas-a-lucie-lk-media-700x700-1.jpg\" alt=\"\" class=\"wp-image-58167\" title=\"\"><\/figure><\/div>\n<h2 class=\"wp-block-heading\">Kdo jsme?<\/h2>\n\n<p>Jsme podnikatel\u00e9 a cestovatel\u00e9. Narodili jsme se do \u00e9ry elektronick\u00fdch za\u0159\u00edzen\u00ed a digit\u00e1ln\u00edch m\u00e9di\u00ed. Internet n\u00e1s oba dva fascinuje a podnik\u00e1n\u00ed na internetu je pro n\u00e1s p\u0159irozen\u00fd zp\u016fsob ob\u017eivy. D\u00edky tomu jsme mohli:<\/p>\n\n<ul class=\"wp-block-list\">\n<li><a href=\"https:\/\/loudavymkrokem.cz\/jak-na-rok-do-kanady\/\"><strong>\u017e\u00edt rok v Kanad\u011b<\/strong><\/a><\/li>\n\n\n\n<li><a href=\"https:\/\/loudavymkrokem.cz\/roadtrip-kanada-usa-2017\/\"><strong>t\u0159i m\u011bs\u00edce cestovat po Severn\u00ed Americe v p\u0159estav\u011bn\u00e9m aut\u011b<\/strong><\/a><\/li>\n\n\n\n<li><a href=\"https:\/\/loudavymkrokem.cz\/jake-je-kempovani-na-havaji-a-kolik-to-stoji\/\"><strong>kempovat na Havaji<\/strong><\/a><\/li>\n\n\n\n<li><a href=\"https:\/\/loudavymkrokem.cz\/10-magickych-zazitku-ktere-musite-aljasce-podniknout\/\"><strong>dojet autem na Alja\u0161ku<\/strong><\/a><\/li>\n\n\n\n<li><strong><a href=\"https:\/\/loudavymkrokem.cz\/uganda-14-dni-stanem\/\">kempovat v Ugand\u011b<\/a><\/strong><\/li>\n\n\n\n<li><a href=\"https:\/\/loudavymkrokem.cz\/koh-samui\/\"><strong>bydlet v Thajsku<\/strong><\/a><\/li>\n\n\n\n<li><a href=\"https:\/\/loudavymkrokem.cz\/severni-amerika\/mexiko\/\"><strong>\u017e\u00edt v Mexiku<\/strong><\/a><\/li>\n\n\n\n<li><strong><a href=\"https:\/\/loudavymkrokem.cz\/dalkova-cyklistika\/\">objet na kolech Evropu.<\/a><\/strong><\/li>\n<\/ul>\n\n<p>Od za\u010d\u00e1tku covidu jsme se usadili v P\u00edsku a na dlouhodob\u011bj\u0161\u00ed pobyty (m\u011bs\u00edc+) vyr\u00e1\u017e\u00edme hlavn\u011b v zim\u011b, p\u0159edev\u0161\u00edm do Portugalska.<\/p>\n\n<h2 class=\"wp-block-heading\">Jak se \u017eiv\u00edme?<\/h2>\n\n<p>Na\u0161e pr\u00e1ce je 100% online.<\/p>\n\n<p><strong> Lucka<\/strong>\u00a0je Creative Director v <strong><a href=\"https:\/\/www.nanospace.cz\" target=\"_blank\" rel=\"noopener\">\u010desk\u00e9 firm\u011b nanoSPACE<\/a><\/strong>, kde zast\u00e1v\u00e1 hned n\u011bkolik kl\u00ed\u010dov\u00fdch rol\u00ed. NanoSPACE je srdcovka a na\u0161e produkty si po\u0159\u00eddily u\u017e statis\u00edce \u010cech\u016f a tis\u00edce zahrani\u010dn\u00edch z\u00e1kazn\u00edk\u016f.<\/p>\n\n<p>D\u00edky vystudovan\u00e9 \u017eurnalistice m\u00e1 Lucka bl\u00edzko psan\u00ed a st\u00e1le si udr\u017euje n\u011bkolik klient\u016f, pro kter\u00e9 tvo\u0159\u00ed obsah a soci\u00e1ln\u00ed s\u00edt\u011b, nap\u0159\u00edklad um\u011bleckou galerii z newyorsk\u00e9ho Soho\u00a0<strong><a href=\"http:\/\/artplease.com\" target=\"_blank\" rel=\"noopener\">Art Please<\/a><\/strong>.<\/p>\n\n<p><strong>Luk\u00e1\u0161<\/strong>\u00a0je analyti\u010dt\u011bj\u0161\u00ed a m\u00e1 na starosti technick\u00e9 \u010d\u00e1sti na\u0161ich projekt\u016f. Optimalizuje weby, pracuje na SEO, p\u0159ipravuje implementace nov\u00fdch funkc\u00ed a \u0159\u00edd\u00ed firemn\u00ed procesy.\u00a0<\/p>\n\n<p>V r\u00e1mci <a href=\"https:\/\/www.lkmedia.cz\" target=\"_blank\" rel=\"noopener\"><strong>LK Media<\/strong><\/a> pom\u00e1h\u00e1me klient\u016fm a kamar\u00e1d\u016fm s rozvojem podnik\u00e1n\u00ed. Nap\u0159\u00edklad e-shopu <strong>Ochutnej O\u0159ech<\/strong> se star\u00e1me o obsah a e-mailov\u00fd marketing, <strong>Onlinejazyk\u016fm<\/strong> spravujeme facebookov\u00e9 kampan\u011b a \u010dasto p\u0159ipravujeme obsahov\u00e9 a SEO audity.<\/p>\n\n<p>M\u00e1me i dal\u0161\u00ed vlastn\u00ed projekty:<\/p>\n\n<ul class=\"wp-block-list\">\n<li><a href=\"https:\/\/www.denikalergika.cz\/\" target=\"_blank\" rel=\"noopener\"><strong>Denikalergika.cz<\/strong><\/a><\/li>\n\n\n\n<li><a href=\"https:\/\/nemuzuspat.cz\/\" target=\"_blank\" rel=\"noopener\"><strong>Nemuzuspat.cz<\/strong><\/a><\/li>\n\n\n\n<li><a href=\"https:\/\/www.macrolife.cz\/\" target=\"_blank\" rel=\"noopener\"><strong>Kav\u00e1rna Louny<\/strong><\/a>\u00a0(Macrolife Food &amp; Coffee)<\/li>\n\n\n\n<li><a href=\"https:\/\/www.portugalbay.com\/\" target=\"_blank\" rel=\"noopener\"><strong>Portugalbay.com<\/strong><\/a><\/li>\n<\/ul>\n\n<h2 class=\"wp-block-heading\">Opravdu se d\u00e1 dlouhodob\u011b vyd\u011bl\u00e1vat na internetu?<\/h2>\n\n<p>Ano, my jsme toho p\u0159\u00edkladem. A i o tom je tento blog, kter\u00fd p\u00ed\u0161eme bez p\u0159est\u00e1vky u\u017e od roku 2014. P\u00ed\u0161eme o na\u0161ich cest\u00e1ch a na\u0161em podnik\u00e1n\u00ed, ale tak\u00e9 rad\u00edme:<\/p>\n\n<ul class=\"wp-block-list\">\n<li><strong><a href=\"https:\/\/loudavymkrokem.cz\/jak-si-zalozit-blog\/\">Jak na blog<\/a><\/strong><\/li>\n\n\n\n<li><strong><a href=\"https:\/\/loudavymkrokem.cz\/marketing\/\">Jak na marketing<\/a><\/strong><\/li>\n\n\n\n<li><strong><a href=\"https:\/\/loudavymkrokem.cz\/finance\/\">Jak na finance<\/a><\/strong><\/li>\n\n\n\n<li><strong><a href=\"https:\/\/loudavymkrokem.cz\/jak-zacit-investovat\/\">Jak na investice<\/a><\/strong><\/li>\n<\/ul>\n\n<p>Z\u00edsk\u00e1v\u00e1me provize za vyu\u017e\u00edv\u00e1n\u00ed doporu\u010den\u00fdch slu\u017eeb na\u0161imi \u010dten\u00e1\u0159i, za rezervovan\u00e9 pobyty nebo za investice skrze investi\u010dn\u00ed aplikace. Velkou sou\u010d\u00e1st\u00ed tohoto blogu je affiliate marketing.<\/p>\n\n<p>V\u0161echny na\u0161e rady jsou zdarma, <strong>ale ob\u010das nab\u00edz\u00edme n\u011bco extra a za pen\u00edze<\/strong>. Nap\u0159\u00edklad\u00a0<a href=\"https:\/\/loudavymkrokem.cz\/publikacni-plan\/\"><strong>publika\u010dn\u00ed pl\u00e1n na soci\u00e1ln\u00ed s\u00edt\u011b<\/strong><\/a>, kter\u00fd si m\u016f\u017eete dle na\u0161eho n\u00e1vodu p\u0159ipravit sami, nebo u\u0161et\u0159it dv\u011b hodiny \u010dasu a <strong><a href=\"https:\/\/loudavymkrokem.cz\/publikacni-plan\/\">za cenu jedn\u00e9 k\u00e1vy si ho od n\u00e1s koupit<\/a><\/strong>.<\/p>\n","protected":false},"excerpt":{"rendered":"<p>Vi \u00e4r Luk\u00e1\u0161 och Lucka, f\u00f6retagare och resen\u00e4rer som arbetar 100% online och driver flera framg\u00e5ngsrika digitala projekt. Genom v\u00e5rt arbete kombinerar vi passion f\u00f6r att tj\u00e4na pengar p\u00e5 internet med m\u00f6jligheten att resa v\u00e4rlden \u00f6ver.<\/p>\n","protected":false},"author":2,"featured_media":0,"parent":0,"menu_order":4,"comment_status":"open","ping_status":"open","template":"","meta":{"footnotes":""},"class_list":["post-146938","page","type-page","status-publish"],"featured_image_src":null,"_links":{"self":[{"href":"https:\/\/loudavymkrokem.cz\/sv\/wp-json\/wp\/v2\/pages\/146938","targetHints":{"allow":["GET"]}}],"collection":[{"href":"https:\/\/loudavymkrokem.cz\/sv\/wp-json\/wp\/v2\/pages"}],"about":[{"href":"https:\/\/loudavymkrokem.cz\/sv\/wp-json\/wp\/v2\/types\/page"}],"author":[{"embeddable":true,"href":"https:\/\/loudavymkrokem.cz\/sv\/wp-json\/wp\/v2\/users\/2"}],"replies":[{"embeddable":true,"href":"https:\/\/loudavymkrokem.cz\/sv\/wp-json\/wp\/v2\/comments?post=146938"}],"version-history":[{"count":1,"href":"https:\/\/loudavymkrokem.cz\/sv\/wp-json\/wp\/v2\/pages\/146938\/revisions"}],"predecessor-version":[{"id":147799,"href":"https:\/\/loudavymkrokem.cz\/sv\/wp-json\/wp\/v2\/pages\/146938\/revisions\/147799"}],"wp:attachment":[{"href":"https:\/\/loudavymkrokem.cz\/sv\/wp-json\/wp\/v2\/media?parent=146938"}],"curies":[{"name":"wp","href":"https:\/\/api.w.org\/{rel}","templated":true}]}}