{"id":68679,"date":"2018-04-15T22:30:45","date_gmt":"2018-04-15T20:30:45","guid":{"rendered":"https:\/\/loudavymkrokem.cz\/subor-medii\/"},"modified":"2026-03-13T18:11:47","modified_gmt":"2026-03-13T17:11:47","slug":"media-kit","status":"publish","type":"page","link":"https:\/\/loudavymkrokem.cz\/sk\/media-kit\/","title":{"rendered":"Media kit"},"content":{"rendered":"<p><em>Posledn\u00e1 aktualiz\u00e1cia: <\/em>26.2.2026<\/p>\n<h2 class=\"wp-block-heading\" id=\"web-loudavym-krokem\">Web Loudav\u00fdm krokem<\/h2>\n<ul class=\"wp-block-list\">\n<li><strong>Priemern\u00e1 mesa\u010dn\u00e1 n\u00e1v\u0161tevnos\u0165 (posledn\u00fd rok):<\/strong> 88,600 pou\u017e\u00edvate\u013eov \/ 95,200 n\u00e1v\u0161tev<\/li>\n<li><strong>N\u00e1v\u0161tevnos\u0165 za posledn\u00fdch 30 dn\u00ed:<\/strong> 53,400 pou\u017e\u00edvate\u013eov \/ 57,500 n\u00e1v\u0161tev (\u010d\u00edsla mimo cestovn\u00fa sez\u00f3nu)<\/li>\n<li><strong>Zdroj n\u00e1v\u0161tevnosti:<\/strong> 80% organic traffic, zvy\u0161ok je direct + social + AI<\/li>\n<li><strong>T\u00e9my:<\/strong> 90% cestovanie, 10% zar\u00e1banie online\/marketing, trochu financie<\/li>\n<li>Ponuka publikovania \u010dl\u00e1nkov a odkazov: <a href=\"https:\/\/www.whitepress.com\/panel\/publisher\/portals\/166039\" target=\"_blank\" rel=\"noopener\"><strong>Whitepress<\/strong><\/a><\/li>\n<\/ul>\n<div class=\"wp-block-image\">\n<figure class=\"aligncenter size-full\"><img loading=\"lazy\" decoding=\"async\" width=\"1084\" height=\"533\" src=\"https:\/\/loudavymkrokem.cz\/wp-content\/uploads\/2026\/02\/lk-mediakit.png\" alt=\"Media kit 2026\" class=\"wp-image-132586\" title=\"\" srcset=\"https:\/\/loudavymkrokem.cz\/wp-content\/uploads\/2026\/02\/lk-mediakit.png 1084w, https:\/\/loudavymkrokem.cz\/wp-content\/uploads\/2026\/02\/lk-mediakit-300x148.png 300w, https:\/\/loudavymkrokem.cz\/wp-content\/uploads\/2026\/02\/lk-mediakit-700x344.png 700w, https:\/\/loudavymkrokem.cz\/wp-content\/uploads\/2026\/02\/lk-mediakit-768x378.png 768w, https:\/\/loudavymkrokem.cz\/wp-content\/uploads\/2026\/02\/lk-mediakit-696x342.png 696w\" sizes=\"auto, (max-width: 1084px) 100vw, 1084px\"><figcaption class=\"wp-element-caption\">Media kit 2026<\/figcaption><\/figure>\n<\/div>\n<h2 class=\"wp-block-heading\" id=\"emailova-databaza\">E-mailov\u00e1 datab\u00e1za<\/h2>\n<p>Ka\u017ed\u00fd mesiac posielame pravideln\u00fd newsletter s najlep\u0161\u00edmi cestovate\u013esk\u00fdmi \u010dl\u00e1nkami, marketingov\u00fdmi tipmi a n\u00e1vodmi, ako zar\u00e1ba\u0165 na internete.<\/p>\n<p><strong>N\u00e1\u0161 newsletter odober\u00e1 ~10 100 cestovate\u013eov, market\u00e9rov a freelancerov, ktor\u00ed zar\u00e1baj\u00fa online.<\/strong><\/p>\n<h3 class=\"wp-block-heading\" id=\"sponzoring-newslettera\">Sponzoring newslettera<\/h3>\n<p>Chceli by ste, aby sa v\u00e1\u0161 projekt alebo slu\u017eba objavili v na\u0161om newsletteri? Sta\u0148te sa sponzorom! Pon\u00fakame jednorazov\u00e9 aj pravideln\u00e9 sponzorstvo.<\/p>\n<p><strong>V r\u00e1mci newslettera z\u00edskate cel\u00fa sekciu s mo\u017enos\u0165ou umiestnenia:<\/strong><\/p>\n<ul class=\"wp-block-list\">\n<li>a\u017e 5 odsekov textu<\/li>\n<li>jedn\u00e9ho obr\u00e1zka<\/li>\n<li>jedn\u00e9ho loga<\/li>\n<li>dvoch odkazov<\/li>\n<\/ul>\n<h2 class=\"wp-block-heading\" id=\"twitter\">Twitter<\/h2>\n<p>Na\u0161e \u00fa\u010dty na sieti X s\u00fa zameran\u00e9 viac na podnikanie a marketing.<\/p>\n<ul class=\"wp-block-list\">\n<li><a href=\"https:\/\/twitter.com\/lukaskonecny\" data-type=\"link\" data-id=\"https:\/\/twitter.com\/lukaskonecny\" target=\"_blank\" rel=\"noopener\"><strong>Luk\u00e1\u0161 Kone\u010dn\u00fd<\/strong><\/a> \u2013 2,800 sleduj\u00facich<\/li>\n<li><a href=\"https:\/\/twitter.com\/Endijka\" target=\"_blank\" rel=\"noopener\"><strong>Lucie Kone\u010dn\u00e1<\/strong><\/a> \u2013 5,800 sleduj\u00facich<\/li>\n<\/ul>\n<h2 class=\"wp-block-heading\" id=\"facebook-stranka-a-skupiny\">Facebook str\u00e1nka a na\u0161e skupiny<\/h2>\n<p>Na\u0161e facebookov\u00e9 str\u00e1nky a skupiny s\u00fa takmer v\u00fdlu\u010dne pre cestovate\u013esk\u00fd obsah.<\/p>\n<ul class=\"wp-block-list\">\n<li>Str\u00e1nka <strong><a href=\"https:\/\/www.facebook.com\/LoudavymKrokem\/\" target=\"_blank\" rel=\"noopener\">Loudav\u00fdm Krokem<\/a><\/strong> &#8211; 4,800 sleduj\u00facich<\/li>\n<li>Skupina <strong><a href=\"https:\/\/www.facebook.com\/groups\/872497006230809\/\" target=\"_blank\" rel=\"noopener\">Tipy na lacn\u00e9 cestovanie<\/a><\/strong> &#8211; 2,600 \u010dlenov<\/li>\n<li>Skupina <strong><a href=\"https:\/\/www.facebook.com\/groups\/407379903106268\/\" target=\"_blank\" rel=\"noopener\">Cestovate\u013esk\u00e1 zoznamka<\/a><\/strong> &#8211; 1,000 \u010dlenov<\/li>\n<\/ul>\n<h2 class=\"wp-block-heading\" id=\"instagram\">Instagram<\/h2>\n<h3 class=\"wp-block-heading\" id=\"lucie-konecna-20300-sledujucich-endijka\">Lucie Kone\u010dn\u00e1 \u2013 20,300 sleduj\u00facich (<a href=\"http:\/\/instagram.com\/endijka\/\" target=\"_blank\" rel=\"noopener\"><strong>@endijka<\/strong><\/a>)<\/h3>\n<p>\u00da\u010det zameran\u00fd na pr\u00e1cu a cestovanie s de\u0165mi, online marketing, zar\u00e1banie na internete.<\/p>\n<ul class=\"wp-block-list\">\n<li>Dosah reelsov: <strong>a\u017e 1 300 000 zhliadnut\u00ed<\/strong> na jednom reelse v m\u00e1ji 2024<\/li>\n<li>Lajky: 200 \u2013 800<\/li>\n<li>Priemern\u00fd po\u010det koment\u00e1rov: 80<\/li>\n<li>Priemern\u00fd po\u010det zhliadnut\u00ed stories: 5,000<\/li>\n<li><strong>Engagement rate: 192%<\/strong> ((lajky + koment\u00e1re) \/ sleduj\u00facich)<\/li>\n<\/ul>\n<div><a href=\"https:\/\/loudavymkrokem.cz\/wp-content\/uploads\/2026\/02\/endijka-ig.png\" class=\"td-modal-image\"><\/p>\n<figure class=\"wp-block-image size-full\"><img loading=\"lazy\" decoding=\"async\" width=\"821\" height=\"523\" src=\"https:\/\/loudavymkrokem.cz\/wp-content\/uploads\/2026\/02\/endijka-ig.png\" alt=\"Lucka Instagram - @endijka\" class=\"wp-image-132587\" title=\"\" srcset=\"https:\/\/loudavymkrokem.cz\/wp-content\/uploads\/2026\/02\/endijka-ig.png 821w, https:\/\/loudavymkrokem.cz\/wp-content\/uploads\/2026\/02\/endijka-ig-300x191.png 300w, https:\/\/loudavymkrokem.cz\/wp-content\/uploads\/2026\/02\/endijka-ig-700x446.png 700w, https:\/\/loudavymkrokem.cz\/wp-content\/uploads\/2026\/02\/endijka-ig-768x489.png 768w, https:\/\/loudavymkrokem.cz\/wp-content\/uploads\/2026\/02\/endijka-ig-696x443.png 696w\" sizes=\"auto, (max-width: 821px) 100vw, 821px\"><figcaption class=\"wp-element-caption\">Lucka Instagram &#8211; @endijka<\/figcaption><\/figure>\n<p><\/a><\/div>\n<div class=\"wp-block-columns is-layout-flex wp-container-core-columns-is-layout-9d6595d7 wp-block-columns-is-layout-flex\">\n<div class=\"wp-block-column is-layout-flow wp-block-column-is-layout-flow\">\n<div><a href=\"https:\/\/loudavymkrokem.cz\/wp-content\/uploads\/2024\/05\/dd6e2c3f-8403-4684-b940-a90dde33c9b9.jpg\" class=\"td-modal-image\"><\/p>\n<figure class=\"wp-block-image size-full\"><img loading=\"lazy\" decoding=\"async\" width=\"945\" height=\"2048\" src=\"https:\/\/loudavymkrokem.cz\/wp-content\/uploads\/2024\/05\/dd6e2c3f-8403-4684-b940-a90dde33c9b9.jpg\" alt=\"\" class=\"wp-image-84557\" title=\"\" srcset=\"https:\/\/loudavymkrokem.cz\/wp-content\/uploads\/2024\/05\/dd6e2c3f-8403-4684-b940-a90dde33c9b9.jpg 945w, https:\/\/loudavymkrokem.cz\/wp-content\/uploads\/2024\/05\/dd6e2c3f-8403-4684-b940-a90dde33c9b9-138x300.jpg 138w, https:\/\/loudavymkrokem.cz\/wp-content\/uploads\/2024\/05\/dd6e2c3f-8403-4684-b940-a90dde33c9b9-700x1517.jpg 700w, https:\/\/loudavymkrokem.cz\/wp-content\/uploads\/2024\/05\/dd6e2c3f-8403-4684-b940-a90dde33c9b9-768x1664.jpg 768w, https:\/\/loudavymkrokem.cz\/wp-content\/uploads\/2024\/05\/dd6e2c3f-8403-4684-b940-a90dde33c9b9-709x1536.jpg 709w, https:\/\/loudavymkrokem.cz\/wp-content\/uploads\/2024\/05\/dd6e2c3f-8403-4684-b940-a90dde33c9b9-696x1508.jpg 696w\" sizes=\"auto, (max-width: 945px) 100vw, 945px\"><\/figure>\n<p><\/a><\/div>\n<\/div>\n<div class=\"wp-block-column is-layout-flow wp-block-column-is-layout-flow\">\n<div><a href=\"https:\/\/loudavymkrokem.cz\/wp-content\/uploads\/2024\/05\/bc5e6d85-e59f-45ad-b318-e22e253c7371_1.jpg\" class=\"td-modal-image\"><\/p>\n<figure class=\"wp-block-image size-full\"><img loading=\"lazy\" decoding=\"async\" width=\"945\" height=\"2048\" src=\"https:\/\/loudavymkrokem.cz\/wp-content\/uploads\/2024\/05\/bc5e6d85-e59f-45ad-b318-e22e253c7371_1.jpg\" alt=\"\" class=\"wp-image-84553\" title=\"\" srcset=\"https:\/\/loudavymkrokem.cz\/wp-content\/uploads\/2024\/05\/bc5e6d85-e59f-45ad-b318-e22e253c7371_1.jpg 945w, https:\/\/loudavymkrokem.cz\/wp-content\/uploads\/2024\/05\/bc5e6d85-e59f-45ad-b318-e22e253c7371_1-138x300.jpg 138w, https:\/\/loudavymkrokem.cz\/wp-content\/uploads\/2024\/05\/bc5e6d85-e59f-45ad-b318-e22e253c7371_1-700x1517.jpg 700w, https:\/\/loudavymkrokem.cz\/wp-content\/uploads\/2024\/05\/bc5e6d85-e59f-45ad-b318-e22e253c7371_1-768x1664.jpg 768w, https:\/\/loudavymkrokem.cz\/wp-content\/uploads\/2024\/05\/bc5e6d85-e59f-45ad-b318-e22e253c7371_1-709x1536.jpg 709w, https:\/\/loudavymkrokem.cz\/wp-content\/uploads\/2024\/05\/bc5e6d85-e59f-45ad-b318-e22e253c7371_1-696x1508.jpg 696w\" sizes=\"auto, (max-width: 945px) 100vw, 945px\"><\/figure>\n<p><\/a><\/div>\n<\/div>\n<div class=\"wp-block-column is-layout-flow wp-block-column-is-layout-flow\">\n<div><a href=\"https:\/\/loudavymkrokem.cz\/wp-content\/uploads\/2024\/05\/af49493d-fc87-46a9-a079-61f65a769f2b.jpg\" class=\"td-modal-image\"><\/p>\n<figure class=\"wp-block-image size-full\"><img loading=\"lazy\" decoding=\"async\" width=\"945\" height=\"2048\" src=\"https:\/\/loudavymkrokem.cz\/wp-content\/uploads\/2024\/05\/af49493d-fc87-46a9-a079-61f65a769f2b.jpg\" alt=\"\" class=\"wp-image-84549\" title=\"\" srcset=\"https:\/\/loudavymkrokem.cz\/wp-content\/uploads\/2024\/05\/af49493d-fc87-46a9-a079-61f65a769f2b.jpg 945w, https:\/\/loudavymkrokem.cz\/wp-content\/uploads\/2024\/05\/af49493d-fc87-46a9-a079-61f65a769f2b-138x300.jpg 138w, https:\/\/loudavymkrokem.cz\/wp-content\/uploads\/2024\/05\/af49493d-fc87-46a9-a079-61f65a769f2b-700x1517.jpg 700w, https:\/\/loudavymkrokem.cz\/wp-content\/uploads\/2024\/05\/af49493d-fc87-46a9-a079-61f65a769f2b-768x1664.jpg 768w, https:\/\/loudavymkrokem.cz\/wp-content\/uploads\/2024\/05\/af49493d-fc87-46a9-a079-61f65a769f2b-709x1536.jpg 709w, https:\/\/loudavymkrokem.cz\/wp-content\/uploads\/2024\/05\/af49493d-fc87-46a9-a079-61f65a769f2b-696x1508.jpg 696w\" sizes=\"auto, (max-width: 945px) 100vw, 945px\"><\/figure>\n<p><\/a><\/div>\n<\/div>\n<\/div>\n<h3 class=\"wp-block-heading\" id=\"lukas-konecny-4500-sledujucich-lukaskonecny\">Luk\u00e1\u0161 Kone\u010dn\u00fd (4,500 sleduj\u00facich) &#8211; <a href=\"http:\/\/instagram.com\/lukaskonecny\/\" target=\"_blank\" rel=\"noopener\"><strong>@lukaskonecny<\/strong><\/a><\/h3>\n<h3 class=\"wp-block-heading\" id=\"loudavym-krokem-11200-sledujucich-loudavymkrokem\">Loudav\u00fdm Krokem (11,200 sleduj\u00facich) &#8211; <a href=\"http:\/\/instagram.com\/loudavymkrokem\/\" target=\"_blank\" rel=\"noopener\"><strong>@loudavymkrokem<\/strong><\/a><\/h3>\n<h2 class=\"wp-block-heading\" id=\"tiktok\">TikTok<\/h2>\n<h3 class=\"wp-block-heading\" id=\"lucie-konecna-endijka\">Lucie Kone\u010dn\u00e1 \u2013 <a href=\"https:\/\/www.tiktok.com\/@endijka\" target=\"_blank\" rel=\"noopener\">@endijka<\/a><\/h3>\n<p>\u00da\u010det zameran\u00fd na pr\u00e1cu a cestovanie s de\u0165mi, online marketing, zar\u00e1banie na internete.<\/p>\n<ul class=\"wp-block-list\">\n<li>Dosah: 10,000 \u2013 150,000<\/li>\n<li>koment\u00e1re: 30 \u2013 300<\/li>\n<\/ul>\n<div><a href=\"https:\/\/loudavymkrokem.cz\/wp-content\/uploads\/2024\/05\/Snimek-obrazovky-2024-05-18-v-12.40.20.jpg\" class=\"td-modal-image\"><\/p>\n<figure class=\"wp-block-image size-full\"><img loading=\"lazy\" decoding=\"async\" width=\"2162\" height=\"608\" src=\"https:\/\/loudavymkrokem.cz\/wp-content\/uploads\/2024\/05\/Snimek-obrazovky-2024-05-18-v-12.40.20.jpg\" alt=\"\" class=\"wp-image-84564\" title=\"\" srcset=\"https:\/\/loudavymkrokem.cz\/wp-content\/uploads\/2024\/05\/Snimek-obrazovky-2024-05-18-v-12.40.20.jpg 2162w, https:\/\/loudavymkrokem.cz\/wp-content\/uploads\/2024\/05\/Snimek-obrazovky-2024-05-18-v-12.40.20-300x84.jpg 300w, https:\/\/loudavymkrokem.cz\/wp-content\/uploads\/2024\/05\/Snimek-obrazovky-2024-05-18-v-12.40.20-700x197.jpg 700w, https:\/\/loudavymkrokem.cz\/wp-content\/uploads\/2024\/05\/Snimek-obrazovky-2024-05-18-v-12.40.20-768x216.jpg 768w, https:\/\/loudavymkrokem.cz\/wp-content\/uploads\/2024\/05\/Snimek-obrazovky-2024-05-18-v-12.40.20-1536x432.jpg 1536w, https:\/\/loudavymkrokem.cz\/wp-content\/uploads\/2024\/05\/Snimek-obrazovky-2024-05-18-v-12.40.20-2048x576.jpg 2048w, https:\/\/loudavymkrokem.cz\/wp-content\/uploads\/2024\/05\/Snimek-obrazovky-2024-05-18-v-12.40.20-696x196.jpg 696w, https:\/\/loudavymkrokem.cz\/wp-content\/uploads\/2024\/05\/Snimek-obrazovky-2024-05-18-v-12.40.20-1392x391.jpg 1392w, https:\/\/loudavymkrokem.cz\/wp-content\/uploads\/2024\/05\/Snimek-obrazovky-2024-05-18-v-12.40.20-1920x540.jpg 1920w\" sizes=\"auto, (max-width: 2162px) 100vw, 2162px\"><\/figure>\n<p><\/a><\/div>\n<p class=\"has-text-align-center\"><span style=\"font-size: 8pt;\"><a href=\"http:\/\/www.czin.eu\/in\/1553129773.html\" target=\"_blank\" rel=\"noopener\">CZIN.eu<\/a>&nbsp;<\/span><\/p>\n","protected":false},"excerpt":{"rendered":"<p>Posledn\u00e1 aktualiz\u00e1cia: 26.2.2026 Web Loudav\u00fdm krokem Priemern\u00e1 mesa\u010dn\u00e1 n\u00e1v\u0161tevnos\u0165 (posledn\u00fd rok): 88,600 pou\u017e\u00edvate\u013eov \/ 95,200 n\u00e1v\u0161tev N\u00e1v\u0161tevnos\u0165 za posledn\u00fdch 30 dn\u00ed: 53,400 pou\u017e\u00edvate\u013eov \/ 57,500 n\u00e1v\u0161tev (\u010d\u00edsla mimo cestovn\u00fa sez\u00f3nu) Zdroj n\u00e1v\u0161tevnosti: 80% organic traffic, zvy\u0161ok je direct + social + AI T\u00e9my: 90% cestovanie, 10% zar\u00e1banie online\/marketing, trochu financie Ponuka publikovania \u010dl\u00e1nkov a odkazov: [&hellip;]<\/p>\n","protected":false},"author":2,"featured_media":0,"parent":0,"menu_order":0,"comment_status":"closed","ping_status":"closed","template":"","meta":{"footnotes":""},"class_list":["post-68679","page","type-page","status-publish"],"featured_image_src":null,"_links":{"self":[{"href":"https:\/\/loudavymkrokem.cz\/sk\/wp-json\/wp\/v2\/pages\/68679","targetHints":{"allow":["GET"]}}],"collection":[{"href":"https:\/\/loudavymkrokem.cz\/sk\/wp-json\/wp\/v2\/pages"}],"about":[{"href":"https:\/\/loudavymkrokem.cz\/sk\/wp-json\/wp\/v2\/types\/page"}],"author":[{"embeddable":true,"href":"https:\/\/loudavymkrokem.cz\/sk\/wp-json\/wp\/v2\/users\/2"}],"replies":[{"embeddable":true,"href":"https:\/\/loudavymkrokem.cz\/sk\/wp-json\/wp\/v2\/comments?post=68679"}],"version-history":[{"count":2,"href":"https:\/\/loudavymkrokem.cz\/sk\/wp-json\/wp\/v2\/pages\/68679\/revisions"}],"predecessor-version":[{"id":132724,"href":"https:\/\/loudavymkrokem.cz\/sk\/wp-json\/wp\/v2\/pages\/68679\/revisions\/132724"}],"wp:attachment":[{"href":"https:\/\/loudavymkrokem.cz\/sk\/wp-json\/wp\/v2\/media?parent=68679"}],"curies":[{"name":"wp","href":"https:\/\/api.w.org\/{rel}","templated":true}]}}