{"id":68672,"date":"2014-08-08T10:27:11","date_gmt":"2014-08-08T08:27:11","guid":{"rendered":"https:\/\/loudavymkrokem.cz\/o-nas\/"},"modified":"2024-01-30T09:44:21","modified_gmt":"2024-01-30T08:44:21","slug":"o-nas-2","status":"publish","type":"page","link":"https:\/\/loudavymkrokem.cz\/sk\/o-nas-2\/","title":{"rendered":"O n\u00e1s"},"content":{"rendered":"\n<p>Sme man\u017eelia Luk\u00e1\u0161 a Lucka. Do na\u0161ej rodiny patr\u00ed aj pes Karel a fenka Baby. Milujeme hory, ju\u017en\u00e9 \u010cechy a nav\u0161t\u00edvili sme desiatky kraj\u00edn po celom svete. \u017div\u00edme sa najm\u00e4 online predajom kvalitn\u00e9ho tovaru \u010desk\u00fdch a vlastn\u00fdch zna\u010diek.<\/p>\n\n<p>\u013dudia si o n\u00e1s myslia, \u017ee <b>m\u00e1me ve\u013ek\u00e9 \u0161\u0165astie, lebo m\u00f4\u017eeme pracova\u0165 online a cestova\u0165<\/b>, ale my to vid\u00edme trochu inak: m\u00e1me \u0161\u0165astie, <b>preto\u017ee sme na\u0161li jeden druh\u00e9ho.<\/b> Je kr\u00e1sne m\u00f4c\u0165 pracova\u0165 odkia\u013eko\u013evek na svete a spozn\u00e1va\u0165 in\u00e9 kult\u00fary, ale najkraj\u0161ie na tom je, \u017ee v\u0161etko pre\u017e\u00edvame spolu.<\/p>\n\n<p>V roku 2021 sme zakotvili v P\u00edsku, kde sme si k\u00fapili byt. <strong>Spolu s na\u0161\u00edm psom Karlom chod\u00edme ka\u017ed\u00fd de\u0148 do kancel\u00e1rie v na\u0161ej firme <a href=\"https:\/\/www.nanospace.cz\" target=\"_blank\" rel=\"noopener\">nanoSPACE<\/a> (<a href=\"https:\/\/www.nanospace.de\" data-type=\"link\" data-id=\"https:\/\/www.nanospace.de\" target=\"_blank\" rel=\"noopener\">nanospace.de<\/a>, <a href=\"https:\/\/www.nanospace.store\" data-type=\"link\" data-id=\"https:\/\/www.nanospace.store\" target=\"_blank\" rel=\"noopener\">nanospace.store<\/a>), kde sa star\u00e1me o prev\u00e1dzku, financie, marketing, strat\u00e9giu a v\u00fdvoj.<\/strong> Okrem toho pod na\u0161ou zna\u010dkou <strong><a href=\"https:\/\/www.lkmedia.cz\" target=\"_blank\" rel=\"noopener\">LK MEDIA<\/a><\/strong> pom\u00e1hame klientom rozv\u00edja\u0165 ich online podnikanie.<\/p>\n\n<p><strong>Pr\u00edklad na\u0161ich klientov:<\/strong><\/p>\n\n<ul class=\"wp-block-list\">\n<li><a href=\"http:\/\/ochutnejorech.cz\/\" target=\"_blank\" rel=\"noreferrer noopener\">Ochutnejo\u0159ech.cz<\/a><\/li>\n\n\n\n<li><a href=\"https:\/\/www.onlinejazyky.cz\/\" target=\"_blank\" rel=\"noreferrer noopener\">Onlinejazyky.cz<\/a><\/li>\n\n\n\n<li><a href=\"https:\/\/www.super-granule.cz\/\" target=\"_blank\" rel=\"noopener\">Super-granule.cz<\/a><\/li>\n\n\n\n<li><a href=\"https:\/\/www.todly.cz\" data-type=\"link\" data-id=\"https:\/\/www.todly.cz\" target=\"_blank\" rel=\"noopener\">Todly.cz<\/a><\/li>\n<\/ul>\n<div class=\"wp-block-image\">\n<figure class=\"aligncenter size-full\"><img loading=\"lazy\" decoding=\"async\" width=\"700\" height=\"700\" src=\"https:\/\/www.loudavymkrokem.cz\/wp-content\/uploads\/2023\/05\/lukas-a-lucie-lk-media-700x700-1.jpg\" alt=\"\" class=\"wp-image-58167\" title=\"\"><\/figure><\/div>\n<h2 class=\"wp-block-heading\">Kto sme?<\/h2>\n\n<p>Sme podnikatelia a cestovatelia. Narodili sme sa do \u00e9ry elektronick\u00fdch zariaden\u00ed a digit\u00e1lnych m\u00e9di\u00ed. Obaja sme fascinovan\u00ed internetom a podnikanie na internete je pre n\u00e1s prirodzen\u00fdm sp\u00f4sobom ob\u017eivy. V\u010faka tomu sme mohli..:<\/p>\n\n<ul class=\"wp-block-list\">\n<li><a href=\"https:\/\/loudavymkrokem.cz\/jak-na-rok-do-kanady\/\"><strong>\u017ei\u0165 rok v Kanade<\/strong><\/a><\/li>\n\n\n\n<li><a href=\"https:\/\/loudavymkrokem.cz\/roadtrip-kanada-usa-2017\/\"><strong>tri mesiace cestova\u0165 po Severnej Amerike v prerobenom aute<\/strong><\/a><\/li>\n\n\n\n<li><a href=\"https:\/\/loudavymkrokem.cz\/jake-je-kempovani-na-havaji-a-kolik-to-stoji\/\"><strong>kempova\u0165 na Havaji<\/strong><\/a><\/li>\n\n\n\n<li><a href=\"https:\/\/loudavymkrokem.cz\/10-magickych-zazitku-ktere-musite-aljasce-podniknout\/\"><strong>dojs\u0165 autom na Alja\u0161ku<\/strong><\/a><\/li>\n\n\n\n<li><strong><a href=\"https:\/\/loudavymkrokem.cz\/uganda-14-dni-stanem\/\">kempova\u0165 v Ugande<\/a><\/strong><\/li>\n\n\n\n<li><a href=\"https:\/\/loudavymkrokem.cz\/koh-samui\/\"><strong>b\u00fdva\u0165 v Thajsku<\/strong><\/a><\/li>\n\n\n\n<li><a href=\"https:\/\/loudavymkrokem.cz\/sk\/mexiko-2\/\"><strong>\u017ei\u0165 v Mexiku<\/strong><\/a><\/li>\n\n\n\n<li><strong><a href=\"https:\/\/loudavymkrokem.cz\/dalkova-cyklistika\/\">ob\u00eds\u0165 na bicykloch Eur\u00f3pu.<\/a><\/strong><\/li>\n<\/ul>\n\n<p>Od za\u010diatku covidu sme sa usadili v P\u00edsku a na dlh\u0161ie pobyty (mesiac a viac) chod\u00edme hlavne v zime, najm\u00e4 do Portugalska.<\/p>\n\n<h2 class=\"wp-block-heading\">Ako si zar\u00e1bame na \u017eivobytie?<\/h2>\n\n<p>Na\u0161a pr\u00e1ca je 100 % online.<\/p>\n\n<p> <strong> Lucka<\/strong> je Creativ Director v <strong><a href=\"https:\/\/www.nanospace.cz\" target=\"_blank\" rel=\"noopener\">\u010deskej spolo\u010dnosti nanoSPACE<\/a><\/strong>, kde zast\u00e1va hne\u010f nieko\u013eko k\u013e\u00fa\u010dov\u00fdch \u00faloh. NanoSPACE je srdcovka a na\u0161e produkty si zak\u00fapili u\u017e st\u00e1tis\u00edce \u010cechov a tis\u00edce zahrani\u010dn\u00fdch z\u00e1kazn\u00edkov.<\/p>\n\n<p>V\u010faka vy\u0161tudovanej \u017eurnalistike m\u00e1 Lucka bl\u00edzko k p\u00edsaniu a st\u00e1le si udr\u017eiava nieko\u013eko klientov, pre ktor\u00fdch vytv\u00e1ra obsah a soci\u00e1lne siete, napr\u00edklad umeleck\u00fa gal\u00e9riu v newyorskom Soho <strong><a href=\"http:\/\/artplease.com\" target=\"_blank\" rel=\"noopener\">Art Please<\/a><\/strong>.<\/p>\n\n<p><strong>Luk\u00e1\u0161<\/strong> je viac analytick\u00fd a m\u00e1 na starosti technick\u00e9 \u010dasti na\u0161ich projektov. Optimalizuje webov\u00e9 str\u00e1nky, pracuje na SEO, pripravuje implement\u00e1cie nov\u00fdch funkci\u00ed a riadi firemn\u00e9 procesy. <\/p>\n\n<p>V r\u00e1mci <a href=\"https:\/\/www.lkmedia.cz\" target=\"_blank\" rel=\"noopener\"><strong>LK Media<\/strong><\/a> pom\u00e1hame klientom a priate\u013eom s rozvojom podnikania. Napr\u00edklad pre e-shop <strong>Ochutnej O\u0159ech<\/strong> sa star\u00e1me o obsah a e-mailov\u00fd marketing, pre <strong><a class=\"thirstylink\" rel=\"nofollow\" target=\"_blank\" title=\"Online jazyky\" href=\"https:\/\/loudavymkrokem.cz\/sk\/doporucujeme\/online-jazyky\/\" data-shortcode=\"true\">Onlinejazyky<\/a><\/strong> spravujeme kampane na Facebooku a \u010dasto pripravujeme obsahov\u00e9 a SEO audity.<\/p>\n\n<p>M\u00e1me aj \u010fal\u0161ie vlastn\u00e9 projekty:<\/p>\n\n<ul class=\"wp-block-list\">\n<li><a href=\"https:\/\/www.denikalergika.cz\/\" target=\"_blank\" rel=\"noopener\"><strong>Denikalergika.cz<\/strong><\/a><\/li>\n\n\n\n<li><a href=\"https:\/\/nemuzuspat.cz\/\" target=\"_blank\" rel=\"noopener\"><strong>Nemuzuspat.cz<\/strong><\/a><\/li>\n\n\n\n<li><a href=\"https:\/\/www.macrolife.cz\/\" target=\"_blank\" rel=\"noopener\"><strong>Kav\u00e1rna Louny<\/strong><\/a> (Macrolife Food &amp; Coffee)<\/li>\n\n\n\n<li><a href=\"https:\/\/www.portugalbay.com\/\" target=\"_blank\" rel=\"noopener\"><strong>Portugalbay.com<\/strong><\/a><\/li>\n<\/ul>\n\n<h2 class=\"wp-block-heading\">Naozaj sa d\u00e1 dlhodobo zar\u00e1ba\u0165 na internete?<\/h2>\n\n<p>\u00c1no, my sme toho pr\u00edkladom. A pr\u00e1ve aj o tom je tento blog, ktor\u00fd nepretr\u017eite p\u00ed\u0161eme od roku 2014. P\u00ed\u0161eme o na\u0161ich cest\u00e1ch a podnikan\u00ed, ale aj rad\u00edme:<\/p>\n\n<ul class=\"wp-block-list\">\n<li><strong><a href=\"https:\/\/loudavymkrokem.cz\/sk\/ako-si-zalozit-blog\/\">Ako na blog<\/a><\/strong><\/li>\n\n\n\n<li><strong><a href=\"https:\/\/loudavymkrokem.cz\/sk\/marketing-sk\/\">Ako na marketing<\/a><\/strong><\/li>\n\n\n\n<li><strong><a href=\"https:\/\/loudavymkrokem.cz\/sk\/?page_id=68677\">Ako na financie<\/a><\/strong><\/li>\n\n\n\n<li><strong><a href=\"https:\/\/loudavymkrokem.cz\/sk\/jak-zacit-investovat-2\/\">Ako na invest\u00edcie<\/a><\/strong><\/li>\n<\/ul>\n\n<p>Za vyu\u017e\u00edvanie odpor\u00fa\u010dan\u00fdch slu\u017eieb na\u0161imi \u010ditate\u013emi, za rezervovan\u00e9 pobyty alebo za invest\u00edcie prostredn\u00edctvom investi\u010dn\u00fdch aplik\u00e1ci\u00ed z\u00edskavame prov\u00edzie. Ve\u013ekou s\u00fa\u010das\u0165ou tohto blogu je affiliate marketing.<\/p>\n\n<p>V\u0161etky na\u0161e rady s\u00fa bezplatn\u00e9, ale <strong>ob\u010das pon\u00fakame nie\u010do navy\u0161e a za peniaze<\/strong>. Napr\u00edklad, <a href=\"https:\/\/loudavymkrokem.cz\/publikacni-plan\/\"><strong>publika\u010dn\u00fd pl\u00e1n na soci\u00e1lne siete<\/strong><\/a>, ktor\u00fd si m\u00f4\u017eete pripravi\u0165 sami pod\u013ea n\u00e1\u0161ho n\u00e1vodu, alebo u\u0161etri\u0165 dve hodiny \u010dasu a <strong><a href=\"https:\/\/loudavymkrokem.cz\/publikacni-plan\/\">za cenu jednej k\u00e1vy si ho k\u00fapite u n\u00e1s<\/a><\/strong>.<\/p>\n","protected":false},"excerpt":{"rendered":"<p>Sme man\u017eelia Luk\u00e1\u0161 a Lucka. Do na\u0161ej rodiny patr\u00ed aj pes Karel a fenka Baby. Milujeme hory, ju\u017en\u00e9 \u010cechy a nav\u0161t\u00edvili sme desiatky kraj\u00edn po celom svete. \u017div\u00edme sa najm\u00e4 online predajom kvalitn\u00e9ho tovaru \u010desk\u00fdch a vlastn\u00fdch zna\u010diek. \u013dudia si o n\u00e1s myslia, \u017ee m\u00e1me ve\u013ek\u00e9 \u0161\u0165astie, lebo m\u00f4\u017eeme pracova\u0165 online a cestova\u0165, ale my [&hellip;]<\/p>\n","protected":false},"author":2,"featured_media":0,"parent":0,"menu_order":4,"comment_status":"open","ping_status":"open","template":"","meta":{"footnotes":""},"class_list":["post-68672","page","type-page","status-publish"],"featured_image_src":null,"_links":{"self":[{"href":"https:\/\/loudavymkrokem.cz\/sk\/wp-json\/wp\/v2\/pages\/68672","targetHints":{"allow":["GET"]}}],"collection":[{"href":"https:\/\/loudavymkrokem.cz\/sk\/wp-json\/wp\/v2\/pages"}],"about":[{"href":"https:\/\/loudavymkrokem.cz\/sk\/wp-json\/wp\/v2\/types\/page"}],"author":[{"embeddable":true,"href":"https:\/\/loudavymkrokem.cz\/sk\/wp-json\/wp\/v2\/users\/2"}],"replies":[{"embeddable":true,"href":"https:\/\/loudavymkrokem.cz\/sk\/wp-json\/wp\/v2\/comments?post=68672"}],"version-history":[{"count":11,"href":"https:\/\/loudavymkrokem.cz\/sk\/wp-json\/wp\/v2\/pages\/68672\/revisions"}],"predecessor-version":[{"id":81813,"href":"https:\/\/loudavymkrokem.cz\/sk\/wp-json\/wp\/v2\/pages\/68672\/revisions\/81813"}],"wp:attachment":[{"href":"https:\/\/loudavymkrokem.cz\/sk\/wp-json\/wp\/v2\/media?parent=68672"}],"curies":[{"name":"wp","href":"https:\/\/api.w.org\/{rel}","templated":true}]}}