{"id":143048,"date":"2026-04-02T09:07:54","date_gmt":"2026-04-02T07:07:54","guid":{"rendered":"https:\/\/loudavymkrokem.cz\/politica-privacidade\/"},"modified":"2026-04-02T09:07:54","modified_gmt":"2026-04-02T07:07:54","slug":"politica-privacidade","status":"publish","type":"page","link":"https:\/\/loudavymkrokem.cz\/pt-br\/politica-privacidade\/","title":{"rendered":"Pol\u00edtica de Privacidade"},"content":{"rendered":"<p style=\"text-align: justify;\"><span style=\"font-weight: 400;\">Se voc\u00ea \u00e9 um visitante do nosso blog, assinante de newsletters, usu\u00e1rio de cursos gratuitos ou nosso cliente, voc\u00ea nos fornece seus dados pessoais. Processamos seus dados e somos respons\u00e1veis pela sua seguran\u00e7a. Prometemos que protegeremos adequadamente seus dados e estamos em conformidade com os requisitos do Regulamento Geral sobre a Prote\u00e7\u00e3o de Dados (RGPD).<\/span><\/p>\n<p style=\"text-align: justify;\"><span style=\"font-weight: 400;\">N\u00e3o vendemos nenhum produto, portanto voc\u00ea n\u00e3o \u00e9 nosso cliente, mas um visitante do blog. No entanto, planejamos vender nossos pr\u00f3prios produtos no futuro, raz\u00e3o pela qual este documento tamb\u00e9m cont\u00e9m pol\u00edticas e direitos dos clientes. Talvez voc\u00ea se torne um em breve. \ud83d\ude42 <\/span><\/p>\n<h2 style=\"text-align: justify;\"><b>O respons\u00e1vel pelos seus dados pessoais \u00e9 Luk\u00e1\u0161 (Lucka nem sequer olha por cima do ombro!)<\/b><\/h2>\n<p style=\"text-align: justify;\"><span style=\"font-weight: 400;\">O respons\u00e1vel pelos dados pessoais \u00e9 Luk\u00e1\u0161 Kone\u010dn\u00fd, Velk\u00e9 n\u00e1m\u011bst\u00ed 27\/19, P\u00edsek 397 01, CNPJ: 88563766, que opera o site loudavymkrokem.cz. Luk\u00e1\u0161 gerencia seus dados e determina por quanto tempo os dados pessoais ser\u00e3o processados e para qual finalidade. Ele tamb\u00e9m seleciona outros processadores que utilizamos para o processamento.<\/span><\/p>\n<h2 style=\"text-align: justify;\"><b>Quais dados processamos e por qu\u00ea<\/b><\/h2>\n<p style=\"text-align: justify;\"><span style=\"font-weight: 400;\">Processamos seus dados pessoais principalmente para poder fornecer o melhor conte\u00fado poss\u00edvel e enviar coisas gratuitamente. As raz\u00f5es individuais para o processamento:<\/span><\/p>\n<ul style=\"text-align: justify;\">\n<li style=\"font-weight: 400;\">\n<h3><b>Campanhas de e-mail e newsletters<\/b><\/h3>\n<\/li>\n<\/ul>\n<p style=\"text-align: justify;\"><span style=\"font-weight: 400;\">Voc\u00ea \u00e9 um leitor: Enviamos a voc\u00ea por e-mail not\u00edcias ou cursos gratuitos para os quais voc\u00ea se inscreveu. Processamos seu e-mail, monitoramos em quais links voc\u00ea clica no e-mail e quais tipos de e-mails voc\u00ea abre de n\u00f3s, a fim de selecionar melhor o conte\u00fado que pode lhe interessar.<\/span><\/p>\n<p style=\"text-align: justify;\"><span style=\"font-weight: 400;\">Voc\u00ea \u00e9 um cliente: Processamos seu e-mail, monitoramos em quais links voc\u00ea clica no e-mail e quais tipos de e-mails voc\u00ea abre de n\u00f3s para fins de marketing direto &#8211; envio de comunica\u00e7\u00f5es comerciais. Se voc\u00ea \u00e9 nosso cliente, enviamos a voc\u00ea not\u00edcias com base em um interesse leg\u00edtimo que razoavelmente presumimos em voc\u00ea.<\/span><\/p>\n<ul style=\"text-align: justify;\">\n<li style=\"font-weight: 400;\">\n<h3><b>Concursos e giveaways<\/b><\/h3>\n<\/li>\n<\/ul>\n<p style=\"text-align: justify;\"><span style=\"font-weight: 400;\">Se voc\u00ea participar de um concurso nosso, processamos seu e-mail apenas para contat\u00e1-lo em caso de vit\u00f3ria. Ap\u00f3s o t\u00e9rmino do concurso, excluiremos seu contato de nosso banco de dados, a menos que voc\u00ea nos confirme explicitamente seu consentimento para receber e-mails adicionais.<\/span><\/p>\n<ul style=\"text-align: justify;\">\n<li style=\"font-weight: 400;\">\n<h3><b>Presta\u00e7\u00e3o de servi\u00e7os, cumprimento de contrato comercial e manuten\u00e7\u00e3o de contabilidade<\/b><\/h3>\n<\/li>\n<\/ul>\n<p style=\"text-align: justify;\"><span style=\"font-weight: 400;\">Se voc\u00ea \u00e9 nosso cliente, processamos os seguintes dados pessoais para cumprir o contrato (por exemplo, envio de informa\u00e7\u00f5es de login para curso online, registro cont\u00e1bil): dados de faturamento e e-mail.<\/span><\/p>\n<p style=\"text-align: justify;\"><span style=\"font-weight: 400;\">Processamos dados pessoais pela dura\u00e7\u00e3o do seu consentimento, no m\u00e1ximo 10 anos a partir da concess\u00e3o do consentimento ou do \u00faltimo pedido.<\/span><\/p>\n<h2 style=\"text-align: justify;\"><b>Divulga\u00e7\u00e3o de dados pessoais a terceiros<\/b><\/h2>\n<p style=\"text-align: justify;\"><span style=\"font-weight: 400;\">Seus dados s\u00e3o processados pelo respons\u00e1vel Luk\u00e1\u0161 Kone\u010dn\u00fd, utilizando dois processadores adicionais, as empresas ConvertKit e Sumo, cujo processamento consiste no armazenamento de dados em servidores em nuvem seguros. <\/span><\/p>\n<p style=\"text-align: justify;\"><span style=\"font-weight: 400;\">Para poder medir como voc\u00ea gosta do nosso blog, onde voc\u00ea passa a maior parte do tempo e em quais links voc\u00ea clica, utilizamos outros provedores de servi\u00e7os para certas opera\u00e7\u00f5es de processamento. Eles s\u00e3o:<\/span><\/p>\n<p style=\"text-align: justify;\"><span style=\"font-weight: 400;\">Google &#8211; Google Analytics atrav\u00e9s de c\u00f3digo de rastreamento<\/span><\/p>\n<p style=\"text-align: justify;\"><span style=\"font-weight: 400;\">Facebook &#8211; FB Pixel atrav\u00e9s de c\u00f3digo de rastreamento.<\/span><\/p>\n<h2 style=\"text-align: justify;\"><b>Como nos contactar<\/b><\/h2>\n<p style=\"text-align: justify;\"><span style=\"font-weight: 400;\">Se voc\u00ea tem qualquer d\u00favida ou solicita\u00e7\u00e3o para n\u00f3s, pode nos contactar no seguinte endere\u00e7o de e-mail: ahoj@loudavymkrokem.cz. <\/span><\/p>\n<h2 style=\"text-align: justify;\"><b>Transfer\u00eancia de seus dados fora da Uni\u00e3o Europeia<\/b><\/h2>\n<p style=\"text-align: justify;\"><span style=\"font-weight: 400;\">Processamos seus dados exclusivamente na Uni\u00e3o Europeia ou em pa\u00edses que garantem um n\u00edvel adequado de prote\u00e7\u00e3o com base em uma decis\u00e3o da Comiss\u00e3o Europeia.<\/span><\/p>\n<h2 style=\"text-align: justify;\"><b>Seguran\u00e7a e prote\u00e7\u00e3o de dados pessoais<\/b><\/h2>\n<p style=\"text-align: justify;\"><span style=\"font-weight: 400;\">Seus dados est\u00e3o seguros conosco. Implementamos medidas t\u00e9cnicas que garantem a seguran\u00e7a de dados pessoais atrav\u00e9s da criptografia de transmiss\u00e3o de dados usando o protocolo HTTPS (o cadeado ao lado do nosso endere\u00e7o URL ;-)) e protegemos seus dados pessoais de acordo com o art. 32 do RGPD.<\/span><\/p>\n<h2 style=\"text-align: justify;\"><b>Seus direitos em rela\u00e7\u00e3o \u00e0 prote\u00e7\u00e3o de dados pessoais<\/b><\/h2>\n<p style=\"text-align: justify;\"><span style=\"font-weight: 400;\">Em rela\u00e7\u00e3o \u00e0 prote\u00e7\u00e3o de dados pessoais, voc\u00ea tem v\u00e1rios direitos. Se desejar exercer algum desses direitos, entre em contato conosco por e-mail: ahoj@loudavymkrokem.cz<\/span><\/p>\n<p style=\"text-align: justify;\"><span style=\"font-weight: 400;\">Voc\u00ea tem <b>direito \u00e0 informa\u00e7\u00e3o<\/b><span style=\"font-weight: 400;\">, que \u00e9 exatamente o que voc\u00ea est\u00e1 lendo agora. \ud83d\ude42<\/span><\/p>\n<p style=\"text-align: justify;\"><span style=\"font-weight: 400;\">Por meio do <b>direito de acesso<\/b><span style=\"font-weight: 400;\">, voc\u00ea pode nos questionar a qualquer momento e n\u00f3s, em at\u00e9 30 dias, forneceremos documenta\u00e7\u00e3o de quais dados pessoais processamos e por qu\u00ea. <\/span><span style=\"font-weight: 400;\">Se algo mudar para voc\u00ea ou se considerar que seus dados pessoais est\u00e3o desatualizados ou incompletos, voc\u00ea tem o <b>direito de retifica\u00e7\u00e3o e corre\u00e7\u00e3o<\/b><span style=\"font-weight: 400;\"> de dados pessoais.<\/span><\/p>\n<p style=\"text-align: justify;\"><b>Direito \u00e0 limita\u00e7\u00e3o do processamento<\/b><span style=\"font-weight: 400;\"> pode ser exercido se voc\u00ea acreditar que processamos seus dados imprecisos, se acreditar que estamos realizando o processamento ilegalmente, mas n\u00e3o deseja que todos os dados sejam exclu\u00eddos, ou se voc\u00ea apresentou uma obje\u00e7\u00e3o contra o processamento. <\/span><span style=\"font-weight: 400;\">Voc\u00ea pode limitar o escopo de dados pessoais ou os fins do processamento.<\/span><\/p>\n<p style=\"text-align: justify;\"><b>Direito ao esquecimento (direito \u00e0 exclus\u00e3o)<\/b><\/p>\n<p style=\"text-align: justify;\"><span style=\"font-weight: 400;\">Seu outro direito \u00e9 o direito de ser esquecido. N\u00e3o queremos esquec\u00ea-lo, mas se desejar, tem direito a isso. \ud83d\ude1e  <\/span><span style=\"font-weight: 400;\">Nesse caso, excluiremos todos os seus dados pessoais de nosso sistema e do sistema de todos os sub-processadores e backups. Para garantir o direito de esquecimento, precisamos de 30 dias.<\/span><\/p>\n<p style=\"text-align: justify;\"><span style=\"font-weight: 400;\">Em alguns casos, estamos vinculados por obriga\u00e7\u00e3o legal, e por exemplo, devo manter registros de documentos fiscais emitidos pelo per\u00edodo estabelecido por lei. Neste caso, excluiremos todos esses dados pessoais que n\u00e3o est\u00e3o vinculados por outra lei. Voc\u00ea ser\u00e1 informado por e-mail sobre a conclus\u00e3o da exclus\u00e3o.<\/span><\/p>\n<p style=\"text-align: justify;\"><b>Reclama\u00e7\u00e3o \u00e0 Autoridade de Prote\u00e7\u00e3o de Dados<\/b><\/p>\n<p style=\"text-align: justify;\"><span style=\"font-weight: 400;\">Se voc\u00ea sentir que n\u00e3o estamos lidando com seus dados de acordo com a lei, voc\u00ea tem o direito de apresentar uma reclama\u00e7\u00e3o \u00e0 Autoridade de Prote\u00e7\u00e3o de Dados a qualquer momento. Ficaremos muito felizes se voc\u00ea primeiro nos informar sobre essa suspeita para que possamos tomar medidas e corrigir qualquer erro.<\/span><\/p>\n<p style=\"text-align: justify;\"><b>Cancelamento do recebimento de newsletters e comunica\u00e7\u00f5es comerciais<\/b><\/p>\n<p style=\"text-align: justify;\"><span style=\"font-weight: 400;\">Enviamos a voc\u00ea e-mails com inspira\u00e7\u00e3o, artigos ou produtos e servi\u00e7os se voc\u00ea for nosso cliente com base em nosso interesse leg\u00edtimo.<\/span><\/p>\n<p style=\"text-align: justify;\"><span style=\"font-weight: 400;\">Se voc\u00ea ainda n\u00e3o \u00e9 um cliente, enviamos para voc\u00ea apenas com base em seu consentimento. Em ambos os casos, voc\u00ea pode cancelar a assinatura de nossos e-mails clicando no link de cancelamento em cada e-mail enviado.<\/span><\/p>\n<h2 style=\"text-align: justify;\"><b>Confidencialidade<\/b><\/h2>\n<p style=\"text-align: justify;\"><span style=\"font-weight: 400;\">Somos obrigados a manter sigilo sobre dados pessoais e sobre medidas de seguran\u00e7a cuja divulga\u00e7\u00e3o comprometeria a seguran\u00e7a de seus dados pessoais. Este sigilo persiste mesmo ap\u00f3s o t\u00e9rmino dos relacionamentos contratuais conosco. Tamb\u00e9m n\u00e3o divulgaremos seus dados a nenhuma terceira parte sem seu consentimento.<\/span><\/p>\n<p style=\"text-align: justify;\"><span style=\"font-weight: 400;\">Esta Pol\u00edtica de Privacidade entra em vig\u00eancia em 25.5.2018<\/span><\/p>\n","protected":false},"excerpt":{"rendered":"<p>Nossa pol\u00edtica de privacidade explica como coletamos, processamos e protegemos seus dados pessoais em conformidade com o RGPD. Saiba seus direitos e como nos contactar.<\/p>\n","protected":false},"author":2,"featured_media":0,"parent":0,"menu_order":0,"comment_status":"closed","ping_status":"closed","template":"","meta":{"footnotes":""},"class_list":["post-143048","page","type-page","status-publish"],"featured_image_src":null,"_links":{"self":[{"href":"https:\/\/loudavymkrokem.cz\/pt-br\/wp-json\/wp\/v2\/pages\/143048","targetHints":{"allow":["GET"]}}],"collection":[{"href":"https:\/\/loudavymkrokem.cz\/pt-br\/wp-json\/wp\/v2\/pages"}],"about":[{"href":"https:\/\/loudavymkrokem.cz\/pt-br\/wp-json\/wp\/v2\/types\/page"}],"author":[{"embeddable":true,"href":"https:\/\/loudavymkrokem.cz\/pt-br\/wp-json\/wp\/v2\/users\/2"}],"replies":[{"embeddable":true,"href":"https:\/\/loudavymkrokem.cz\/pt-br\/wp-json\/wp\/v2\/comments?post=143048"}],"version-history":[{"count":0,"href":"https:\/\/loudavymkrokem.cz\/pt-br\/wp-json\/wp\/v2\/pages\/143048\/revisions"}],"wp:attachment":[{"href":"https:\/\/loudavymkrokem.cz\/pt-br\/wp-json\/wp\/v2\/media?parent=143048"}],"curies":[{"name":"wp","href":"https:\/\/api.w.org\/{rel}","templated":true}]}}