{"id":143046,"date":"2014-08-08T10:27:11","date_gmt":"2014-08-08T08:27:11","guid":{"rendered":"https:\/\/loudavymkrokem.cz\/sobre-nos\/"},"modified":"2026-04-02T09:05:57","modified_gmt":"2026-04-02T07:05:57","slug":"sobre-nos","status":"publish","type":"page","link":"https:\/\/loudavymkrokem.cz\/pt-br\/sobre-nos\/","title":{"rendered":"Sobre N\u00f3s"},"content":{"rendered":"<p>Somos o casal Luk\u00e1\u0161 e Lucka. Na nossa fam\u00edlia tamb\u00e9m est\u00e3o o cachorro Karel e a cadela Baby. Amamos montanhas, o sul da Bo\u00eamia e visitamos dezenas de pa\u00edses no mundo. Vivemos principalmente da venda online de produtos de qualidade de marcas tchecas e nossas pr\u00f3prias marcas.<\/p>\n<p>As pessoas pensam que <b>temos muita sorte porque podemos trabalhar online e viajar<\/b>, mas n\u00f3s vemos isso de forma um pouco diferente: temos sorte <b>porque nos encontramos um ao outro.<\/b> \u00c9 lindo poder trabalhar de qualquer lugar do mundo e conhecer outras culturas, mas o mais bonito disso tudo \u00e9 que vivemos tudo isso juntos.<\/p>\n<p>Em 2021 nos estabelecemos em P\u00edsek, onde compramos um apartamento. <strong>Junto com o cachorro Karel, vamos todos os dias ao escrit\u00f3rio da nossa empresa <a href=\"https:\/\/www.nanospace.cz\" target=\"_blank\" rel=\"noopener\">nanoSPACE<\/a> (<a href=\"https:\/\/www.nanospace.de\" data-type=\"link\" data-id=\"https:\/\/www.nanospace.de\" target=\"_blank\" rel=\"noopener\">nanospace.de<\/a>, <a href=\"https:\/\/www.nanospace.store\" data-type=\"link\" data-id=\"https:\/\/www.nanospace.store\" target=\"_blank\" rel=\"noopener\">nanospace.store<\/a>), onde cuidamos de opera\u00e7\u00f5es, finan\u00e7as, marketing, estrat\u00e9gia e desenvolvimento.<\/strong> Al\u00e9m disso, sob nossa marca <strong><a href=\"https:\/\/www.lkmedia.cz\" target=\"_blank\" rel=\"noopener\">LK MEDIA<\/a>&nbsp;<\/strong>ajudamos clientes a desenvolver seus neg\u00f3cios online.<\/p>\n<p><strong>Exemplos de nossos clientes:<\/strong><\/p>\n<ul class=\"wp-block-list\">\n<li><a href=\"http:\/\/ochutnejorech.cz\/\" target=\"_blank\" rel=\"noreferrer noopener\">Ochutnejo\u0159ech.cz<\/a><\/li>\n<li><a href=\"https:\/\/www.ochutnejorech.sk\" target=\"_blank\" rel=\"noopener\">Ochutnejorech.sk<\/a><\/li>\n<li><a href=\"https:\/\/www.onlinejazyky.cz\/\" target=\"_blank\" rel=\"noreferrer noopener\">Onlinejazyky.cz<\/a><\/li>\n<li><a href=\"https:\/\/www.super-granule.cz\/\" target=\"_blank\" rel=\"noopener\">Super-granule.cz<\/a><\/li>\n<li><a href=\"https:\/\/www.woodstonepisek.cz\" data-type=\"link\" data-id=\"https:\/\/www.todly.cz\" target=\"_blank\" rel=\"noopener\">woodstonepisek.cz<\/a><\/li>\n<li><a href=\"https:\/\/www.barboraenglischova.cz\" target=\"_blank\" rel=\"noopener\">barboraeglischova.cz<\/a><\/li>\n<\/ul>\n<div class=\"wp-block-image\">\n<figure class=\"aligncenter size-full\"><img loading=\"lazy\" decoding=\"async\" width=\"700\" height=\"700\" src=\"https:\/\/www.loudavymkrokem.cz\/wp-content\/uploads\/2023\/05\/lukas-a-lucie-lk-media-700x700-1.jpg\" alt=\"\" class=\"wp-image-58167\" title=\"\"><\/figure>\n<\/div>\n<h2 class=\"wp-block-heading\">Quem somos?<\/h2>\n<p>Somos empres\u00e1rios e viajantes. Nascemos na era dos dispositivos eletr\u00f4nicos e das m\u00eddias digitais. A internet nos fascina a ambos e os neg\u00f3cios na internet s\u00e3o para n\u00f3s uma forma natural de ganhar a vida. Por isso pudemos:<\/p>\n<ul class=\"wp-block-list\">\n<li><a href=\"https:\/\/loudavymkrokem.cz\/jak-na-rok-do-kanady\/\"><strong>viver um ano no Canad\u00e1<\/strong><\/a><\/li>\n<li><a href=\"https:\/\/loudavymkrokem.cz\/roadtrip-kanada-usa-2017\/\"><strong>viajar tr\u00eas meses pela Am\u00e9rica do Norte em um carro reformado<\/strong><\/a><\/li>\n<li><a href=\"https:\/\/loudavymkrokem.cz\/jake-je-kempovani-na-havaji-a-kolik-to-stoji\/\"><strong>acampar no Hava\u00ed<\/strong><\/a><\/li>\n<li><a href=\"https:\/\/loudavymkrokem.cz\/10-magickych-zazitku-ktere-musite-aljasce-podniknout\/\"><strong>dirigir at\u00e9 o Alasca<\/strong><\/a><\/li>\n<li><strong><a href=\"https:\/\/loudavymkrokem.cz\/uganda-14-dni-stanem\/\">acampar em Uganda<\/a><\/strong><\/li>\n<li><a href=\"https:\/\/loudavymkrokem.cz\/koh-samui\/\"><strong>morar na Tail\u00e2ndia<\/strong><\/a><\/li>\n<li><a href=\"https:\/\/loudavymkrokem.cz\/severni-amerika-mexiko\/\"><strong>viver no M\u00e9xico<\/strong><\/a><\/li>\n<li><strong><a href=\"https:\/\/loudavymkrokem.cz\/dalkova-cyklistika\/\">pedalar pela Europa.<\/a><\/strong><\/li>\n<\/ul>\n<p>Desde o in\u00edcio da pandemia, nos estabelecemos em P\u00edsek e sa\u00edmos para estadias mais longas (mais de um m\u00eas) principalmente no inverno, especialmente para Portugal.<\/p>\n<h2 class=\"wp-block-heading\">Como ganhamos a vida?<\/h2>\n<p>Nosso trabalho \u00e9 100% online.<\/p>\n<p><strong>Lucka<\/strong>&nbsp;\u00e9 Diretora Criativa na <strong><a href=\"https:\/\/www.nanospace.cz\" target=\"_blank\" rel=\"noopener\">empresa tcheca nanoSPACE<\/a><\/strong>, onde desempenha v\u00e1rias fun\u00e7\u00f5es-chave. NanoSPACE \u00e9 nosso projeto de paix\u00e3o e nossos produtos j\u00e1 foram adquiridos por centenas de milhares de tchecos e milhares de clientes estrangeiros.<\/p>\n<p>Gra\u00e7as aos seus estudos de jornalismo, Lucka tem afinidade com a escrita e continua trabalhando com v\u00e1rios clientes para os quais cria conte\u00fado e gerencia redes sociais, como a galeria de arte de SoHo em Nova York <strong><a href=\"http:\/\/artplease.com\" target=\"_blank\" rel=\"noopener\">Art Please<\/a><\/strong>.<\/p>\n<p><strong>Luk\u00e1\u0161<\/strong>&nbsp;\u00e9 mais anal\u00edtico e respons\u00e1vel pelas partes t\u00e9cnicas de nossos projetos. Otimiza sites, trabalha com SEO, prepara implementa\u00e7\u00f5es de novas funcionalidades e gerencia processos empresariais.&nbsp;<\/p>\n<p>Por meio da <a href=\"https:\/\/www.lkmedia.cz\" target=\"_blank\" rel=\"noopener\"><strong>LK Media<\/strong><\/a> ajudamos clientes e amigos com o desenvolvimento de seus neg\u00f3cios. Por exemplo, para a loja online <strong>Ochutnej O\u0159ech<\/strong> cuidamos de conte\u00fado e email marketing, para <strong><a class=\"thirstylink\" rel=\"nofollow\" target=\"_blank\" title=\"Online jazyky\" href=\"https:\/\/loudavymkrokem.cz\/pt-br\/doporucujeme\/online-jazyky\/\" data-shortcode=\"true\">Onlinejazyky<\/a><\/strong> gerenciamos campanhas no Facebook e frequentemente preparamos auditorias de conte\u00fado e SEO.<\/p>\n<p>Temos tamb\u00e9m outros projetos pr\u00f3prios:<\/p>\n<ul class=\"wp-block-list\">\n<li><a href=\"https:\/\/www.denikalergika.cz\/\" target=\"_blank\" rel=\"noopener\"><strong>Denikalergika.cz<\/strong><\/a><\/li>\n<li><a href=\"https:\/\/nemuzuspat.cz\/\" target=\"_blank\" rel=\"noopener\"><strong>Nemuzuspat.cz<\/strong><\/a><\/li>\n<li><a href=\"https:\/\/www.macrolife.cz\/\" target=\"_blank\" rel=\"noopener\"><strong>Cafeteria Louny<\/strong><\/a>&nbsp;(Macrolife Food &amp; Coffee)<\/li>\n<li><a href=\"https:\/\/www.portugalbay.com\/\" target=\"_blank\" rel=\"noopener\"><strong>Portugalbay.com<\/strong><\/a><\/li>\n<\/ul>\n<h2 class=\"wp-block-heading\">Realmente \u00e9 poss\u00edvel ganhar dinheiro na internet a longo prazo?<\/h2>\n<p>Sim, somos prova disso. E \u00e9 sobre isso que trata este blog, que escrevemos continuamente desde 2014. Escrevemos sobre nossas viagens e nossos neg\u00f3cios, mas tamb\u00e9m oferecemos conselhos:<\/p>\n<ul class=\"wp-block-list\">\n<li><strong><a href=\"https:\/\/loudavymkrokem.cz\/jak-si-zalozit-blog\/\">Como criar um blog<\/a><\/strong><\/li>\n<li><strong><a href=\"https:\/\/loudavymkrokem.cz\/marketing\/\">Como fazer marketing<\/a><\/strong><\/li>\n<li><strong><a href=\"https:\/\/loudavymkrokem.cz\/finance\/\">Como gerenciar finan\u00e7as<\/a><\/strong><\/li>\n<li><strong><a href=\"https:\/\/loudavymkrokem.cz\/jak-zacit-investovat\/\">Como come\u00e7ar a investir<\/a><\/strong><\/li>\n<\/ul>\n<p>Ganhamos comiss\u00f5es pelo uso de servi\u00e7os recomendados por nossos leitores, por estadias reservadas ou por investimentos atrav\u00e9s de aplicativos de investimento. Uma grande parte deste blog \u00e9 marketing de afiliados.<\/p>\n<p>Todos os nossos conselhos s\u00e3o gratuitos, <strong>mas \u00e0s vezes oferecemos algo extra e cobrado<\/strong>. Por exemplo, <a href=\"https:\/\/loudavymkrokem.cz\/publikacni-plan\/\"><strong>um plano de publica\u00e7\u00e3o para redes sociais<\/strong><\/a>, que voc\u00ea pode preparar sozinho seguindo nosso guia, ou economizar duas horas de tempo e <strong><a href=\"https:\/\/loudavymkrokem.cz\/publikacni-plan\/\">comprar de n\u00f3s pelo pre\u00e7o de um caf\u00e9<\/a><\/strong>.<\/p>\n","protected":false},"excerpt":{"rendered":"<p>Somos empres\u00e1rios e viajantes que vivem 100% de neg\u00f3cios online. Conhe\u00e7a nossa hist\u00f3ria, como ganhamos a vida e como ajudamos outros a desenvolver seus neg\u00f3cios na internet.<\/p>\n","protected":false},"author":2,"featured_media":0,"parent":0,"menu_order":4,"comment_status":"open","ping_status":"open","template":"","meta":{"footnotes":""},"class_list":["post-143046","page","type-page","status-publish"],"featured_image_src":null,"_links":{"self":[{"href":"https:\/\/loudavymkrokem.cz\/pt-br\/wp-json\/wp\/v2\/pages\/143046","targetHints":{"allow":["GET"]}}],"collection":[{"href":"https:\/\/loudavymkrokem.cz\/pt-br\/wp-json\/wp\/v2\/pages"}],"about":[{"href":"https:\/\/loudavymkrokem.cz\/pt-br\/wp-json\/wp\/v2\/types\/page"}],"author":[{"embeddable":true,"href":"https:\/\/loudavymkrokem.cz\/pt-br\/wp-json\/wp\/v2\/users\/2"}],"replies":[{"embeddable":true,"href":"https:\/\/loudavymkrokem.cz\/pt-br\/wp-json\/wp\/v2\/comments?post=143046"}],"version-history":[{"count":0,"href":"https:\/\/loudavymkrokem.cz\/pt-br\/wp-json\/wp\/v2\/pages\/143046\/revisions"}],"wp:attachment":[{"href":"https:\/\/loudavymkrokem.cz\/pt-br\/wp-json\/wp\/v2\/media?parent=143046"}],"curies":[{"name":"wp","href":"https:\/\/api.w.org\/{rel}","templated":true}]}}