{"id":72851,"date":"2022-08-04T14:22:28","date_gmt":"2022-08-04T12:22:28","guid":{"rendered":"https:\/\/loudavymkrokem.cz\/kontakt\/"},"modified":"2023-09-12T20:51:53","modified_gmt":"2023-09-12T18:51:53","slug":"kontakt","status":"publish","type":"page","link":"https:\/\/loudavymkrokem.cz\/pl\/kontakt\/","title":{"rendered":"Kontakt"},"content":{"rendered":"\n<p><strong>Lukas Konecny<\/strong><\/p>\n\n<ul class=\"wp-block-list\"><li>ID: 88563766<\/li><li>DIC: CZ9206012981<\/li><li>E-mail: lukas@lkmedia.cz<\/li><li>adres: Velk\u00e9 n\u00e1m\u011bst\u00ed 27\/19, P\u00edsek, 397 01<\/li><\/ul>\n","protected":false},"excerpt":{"rendered":"<p>Lukas Konecny ID: 88563766 DIC: CZ9206012981 E-mail: lukas@lkmedia.cz adres: Velk\u00e9 n\u00e1m\u011bst\u00ed 27\/19, P\u00edsek, 397 01<\/p>\n","protected":false},"author":2,"featured_media":0,"parent":0,"menu_order":0,"comment_status":"closed","ping_status":"closed","template":"","meta":{"footnotes":""},"class_list":["post-72851","page","type-page","status-publish"],"featured_image_src":null,"_links":{"self":[{"href":"https:\/\/loudavymkrokem.cz\/pl\/wp-json\/wp\/v2\/pages\/72851","targetHints":{"allow":["GET"]}}],"collection":[{"href":"https:\/\/loudavymkrokem.cz\/pl\/wp-json\/wp\/v2\/pages"}],"about":[{"href":"https:\/\/loudavymkrokem.cz\/pl\/wp-json\/wp\/v2\/types\/page"}],"author":[{"embeddable":true,"href":"https:\/\/loudavymkrokem.cz\/pl\/wp-json\/wp\/v2\/users\/2"}],"replies":[{"embeddable":true,"href":"https:\/\/loudavymkrokem.cz\/pl\/wp-json\/wp\/v2\/comments?post=72851"}],"version-history":[{"count":2,"href":"https:\/\/loudavymkrokem.cz\/pl\/wp-json\/wp\/v2\/pages\/72851\/revisions"}],"predecessor-version":[{"id":72853,"href":"https:\/\/loudavymkrokem.cz\/pl\/wp-json\/wp\/v2\/pages\/72851\/revisions\/72853"}],"wp:attachment":[{"href":"https:\/\/loudavymkrokem.cz\/pl\/wp-json\/wp\/v2\/media?parent=72851"}],"curies":[{"name":"wp","href":"https:\/\/api.w.org\/{rel}","templated":true}]}}