{"id":132722,"date":"2018-04-15T22:30:45","date_gmt":"2018-04-15T20:30:45","guid":{"rendered":"https:\/\/loudavymkrokem.cz\/media-kit\/"},"modified":"2026-03-13T18:11:41","modified_gmt":"2026-03-13T17:11:41","slug":"media-kit","status":"publish","type":"page","link":"https:\/\/loudavymkrokem.cz\/pl\/media-kit\/","title":{"rendered":"Media Kit"},"content":{"rendered":"<p><em>Ostatnia aktualizacja: <\/em>26.2.2026<\/p>\n<h2 class=\"wp-block-heading\" id=\"strona-loudavym-krokem\">Strona Loudav\u00fdm krokem<\/h2>\n<ul class=\"wp-block-list\">\n<li><strong>\u015aredni miesi\u0119czny ruch (ostatni rok):<\/strong> 88,600 u\u017cytkownik\u00f3w \/ 95,200 wizyt<\/li>\n<li><strong>Ruch z ostatnich 30 dni:<\/strong> 53,400 u\u017cytkownik\u00f3w \/ 57,500 wizyt (dane poza sezonem)<\/li>\n<li><strong>\u0179r\u00f3d\u0142o ruchu:<\/strong> 80% organic traffic, reszta to bezpo\u015bredni + social + AI<\/li>\n<li><strong>Tematy:<\/strong> 90% podr\u00f3\u017ce, 10% zarabianie online\/marketing, troch\u0119 finans\u00f3w<\/li>\n<li>Oferta publikacji artyku\u0142\u00f3w i link\u00f3w: <a href=\"https:\/\/www.whitepress.com\/panel\/publisher\/portals\/166039\" target=\"_blank\" rel=\"noopener\"><strong>Whitepress<\/strong><\/a><\/li>\n<\/ul>\n<div class=\"wp-block-image\">\n<figure class=\"aligncenter size-full\"><img loading=\"lazy\" decoding=\"async\" width=\"1084\" height=\"533\" src=\"https:\/\/loudavymkrokem.cz\/wp-content\/uploads\/2026\/02\/lk-mediakit.png\" alt=\"Media kit 2026\" class=\"wp-image-132586\" title=\"\" srcset=\"https:\/\/loudavymkrokem.cz\/wp-content\/uploads\/2026\/02\/lk-mediakit.png 1084w, https:\/\/loudavymkrokem.cz\/wp-content\/uploads\/2026\/02\/lk-mediakit-300x148.png 300w, https:\/\/loudavymkrokem.cz\/wp-content\/uploads\/2026\/02\/lk-mediakit-700x344.png 700w, https:\/\/loudavymkrokem.cz\/wp-content\/uploads\/2026\/02\/lk-mediakit-768x378.png 768w, https:\/\/loudavymkrokem.cz\/wp-content\/uploads\/2026\/02\/lk-mediakit-696x342.png 696w\" sizes=\"auto, (max-width: 1084px) 100vw, 1084px\"><figcaption class=\"wp-element-caption\">Media kit 2026<\/figcaption><\/figure>\n<\/div>\n<h2 class=\"wp-block-heading\" id=\"lista-mailowa\">Lista mailingowa<\/h2>\n<p>Co miesi\u0105c wysy\u0142amy regularny newsletter z najlepszymi artyku\u0142ami podr\u00f3\u017cniczymi, wskaz\u00f3wkami marketingowymi i poradnikami, jak zarabia\u0107 w internecie.<\/p>\n<p><strong>Nasz newsletter czyta ~10 100 podr\u00f3\u017cnik\u00f3w, marketer\u00f3w i freelancer\u00f3w zarabiaj\u0105cych online.<\/strong><\/p>\n<h3 class=\"wp-block-heading\" id=\"sponsoring-newslettera\">Sponsoring newslettera<\/h3>\n<p>Chcieliby\u015bcie, aby Wasz projekt lub us\u0142uga pojawi\u0142y si\u0119 w naszym newsletterze? Zosta\u0144cie sponsorem! Oferujemy sponsoring jednorazowy i cykliczny.<\/p>\n<p><strong>W ramach newslettera otrzymujecie ca\u0142\u0105 sekcj\u0119 z mo\u017cliwo\u015bci\u0105 umieszczenia:<\/strong><\/p>\n<ul class=\"wp-block-list\">\n<li>do 5 akapit\u00f3w tekstu<\/li>\n<li>jednego obrazka<\/li>\n<li>jednego logo<\/li>\n<li>dw\u00f3ch link\u00f3w<\/li>\n<\/ul>\n<h2 class=\"wp-block-heading\" id=\"twitter\">Twitter<\/h2>\n<p>Nasze konta na X (Twitter) s\u0105 bardziej zorientowane na biznes i marketing.<\/p>\n<ul class=\"wp-block-list\">\n<li><a href=\"https:\/\/twitter.com\/lukaskonecny\" data-type=\"link\" data-id=\"https:\/\/twitter.com\/lukaskonecny\" target=\"_blank\" rel=\"noopener\"><strong>Luk\u00e1\u0161 Kone\u010dn\u00fd<\/strong><\/a> \u2013 2,800 obserwuj\u0105cych<\/li>\n<li><a href=\"https:\/\/twitter.com\/Endijka\" target=\"_blank\" rel=\"noopener\"><strong>Lucie Kone\u010dn\u00e1<\/strong><\/a> \u2013 5,800 obserwuj\u0105cych<\/li>\n<\/ul>\n<h2 class=\"wp-block-heading\" id=\"strona-facebook-i-grupy\">Strona na Facebooku i nasze grupy<\/h2>\n<p>Nasze strony i grupy na Facebooku s\u0105 prawie wy\u0142\u0105cznie po\u015bwi\u0119cone tre\u015bciom podr\u00f3\u017cniczym.<\/p>\n<ul class=\"wp-block-list\">\n<li>Strona <strong><a href=\"https:\/\/www.facebook.com\/LoudavymKrokem\/\" target=\"_blank\" rel=\"noopener\">Loudav\u00fdm Krokem<\/a><\/strong> &#8211; 4,800 obserwuj\u0105cych<\/li>\n<li>Grupa <strong><a href=\"https:\/\/www.facebook.com\/groups\/872497006230809\/\" target=\"_blank\" rel=\"noopener\">Porady na tanie podr\u00f3\u017cowanie<\/a><\/strong> &#8211; 2,600 cz\u0142onk\u00f3w<\/li>\n<li>Grupa <strong><a href=\"https:\/\/www.facebook.com\/groups\/407379903106268\/\" target=\"_blank\" rel=\"noopener\">Randki podr\u00f3\u017cnik\u00f3w<\/a><\/strong> &#8211; 1,000 cz\u0142onk\u00f3w<\/li>\n<\/ul>\n<h2 class=\"wp-block-heading\" id=\"instagram\">Instagram<\/h2>\n<h3 class=\"wp-block-heading\" id=\"lucie-konecna-20300-obserwujacych-endijka\">Lucie Kone\u010dn\u00e1 \u2013 20,300 obserwuj\u0105cych (<a href=\"http:\/\/instagram.com\/endijka\/\" target=\"_blank\" rel=\"noopener\"><strong>@endijka<\/strong><\/a>)<\/h3>\n<p>Konto po\u015bwi\u0119cone pracy i podr\u00f3\u017com z dzie\u0107mi, marketingowi online, zarabianiu w internecie.<\/p>\n<ul class=\"wp-block-list\">\n<li>Zasi\u0119g reels\u00f3w: <strong>do 1 300 000 wy\u015bwietle\u0144<\/strong> na jednym reelsie w maju 2024<\/li>\n<li>Polubienia: 200 \u2013 800<\/li>\n<li>\u015arednia komentarzy: 80<\/li>\n<li>\u015arednia wy\u015bwietle\u0144 stories: 5,000<\/li>\n<li><strong>Engagement rate: 192%<\/strong> ((polubienia + komentarze) \/ obserwuj\u0105cych)<\/li>\n<\/ul>\n<div><a href=\"https:\/\/loudavymkrokem.cz\/wp-content\/uploads\/2026\/02\/endijka-ig.png\" class=\"td-modal-image\"><\/p>\n<figure class=\"wp-block-image size-full\"><img loading=\"lazy\" decoding=\"async\" width=\"821\" height=\"523\" src=\"https:\/\/loudavymkrokem.cz\/wp-content\/uploads\/2026\/02\/endijka-ig.png\" alt=\"Lucka Instagram - @endijka\" class=\"wp-image-132587\" title=\"\" srcset=\"https:\/\/loudavymkrokem.cz\/wp-content\/uploads\/2026\/02\/endijka-ig.png 821w, https:\/\/loudavymkrokem.cz\/wp-content\/uploads\/2026\/02\/endijka-ig-300x191.png 300w, https:\/\/loudavymkrokem.cz\/wp-content\/uploads\/2026\/02\/endijka-ig-700x446.png 700w, https:\/\/loudavymkrokem.cz\/wp-content\/uploads\/2026\/02\/endijka-ig-768x489.png 768w, https:\/\/loudavymkrokem.cz\/wp-content\/uploads\/2026\/02\/endijka-ig-696x443.png 696w\" sizes=\"auto, (max-width: 821px) 100vw, 821px\"><figcaption class=\"wp-element-caption\">Lucka Instagram &#8211; @endijka<\/figcaption><\/figure>\n<p><\/a><\/div>\n<div class=\"wp-block-columns is-layout-flex wp-container-core-columns-is-layout-9d6595d7 wp-block-columns-is-layout-flex\">\n<div class=\"wp-block-column is-layout-flow wp-block-column-is-layout-flow\">\n<div><a href=\"https:\/\/loudavymkrokem.cz\/wp-content\/uploads\/2024\/05\/dd6e2c3f-8403-4684-b940-a90dde33c9b9.jpg\" class=\"td-modal-image\"><\/p>\n<figure class=\"wp-block-image size-full\"><img loading=\"lazy\" decoding=\"async\" width=\"945\" height=\"2048\" src=\"https:\/\/loudavymkrokem.cz\/wp-content\/uploads\/2024\/05\/dd6e2c3f-8403-4684-b940-a90dde33c9b9.jpg\" alt=\"\" class=\"wp-image-84557\" title=\"\" srcset=\"https:\/\/loudavymkrokem.cz\/wp-content\/uploads\/2024\/05\/dd6e2c3f-8403-4684-b940-a90dde33c9b9.jpg 945w, https:\/\/loudavymkrokem.cz\/wp-content\/uploads\/2024\/05\/dd6e2c3f-8403-4684-b940-a90dde33c9b9-138x300.jpg 138w, https:\/\/loudavymkrokem.cz\/wp-content\/uploads\/2024\/05\/dd6e2c3f-8403-4684-b940-a90dde33c9b9-700x1517.jpg 700w, https:\/\/loudavymkrokem.cz\/wp-content\/uploads\/2024\/05\/dd6e2c3f-8403-4684-b940-a90dde33c9b9-768x1664.jpg 768w, https:\/\/loudavymkrokem.cz\/wp-content\/uploads\/2024\/05\/dd6e2c3f-8403-4684-b940-a90dde33c9b9-709x1536.jpg 709w, https:\/\/loudavymkrokem.cz\/wp-content\/uploads\/2024\/05\/dd6e2c3f-8403-4684-b940-a90dde33c9b9-696x1508.jpg 696w\" sizes=\"auto, (max-width: 945px) 100vw, 945px\"><\/figure>\n<p><\/a><\/div>\n<\/div>\n<div class=\"wp-block-column is-layout-flow wp-block-column-is-layout-flow\">\n<div><a href=\"https:\/\/loudavymkrokem.cz\/wp-content\/uploads\/2024\/05\/bc5e6d85-e59f-45ad-b318-e22e253c7371_1.jpg\" class=\"td-modal-image\"><\/p>\n<figure class=\"wp-block-image size-full\"><img loading=\"lazy\" decoding=\"async\" width=\"945\" height=\"2048\" src=\"https:\/\/loudavymkrokem.cz\/wp-content\/uploads\/2024\/05\/bc5e6d85-e59f-45ad-b318-e22e253c7371_1.jpg\" alt=\"\" class=\"wp-image-84553\" title=\"\" srcset=\"https:\/\/loudavymkrokem.cz\/wp-content\/uploads\/2024\/05\/bc5e6d85-e59f-45ad-b318-e22e253c7371_1.jpg 945w, https:\/\/loudavymkrokem.cz\/wp-content\/uploads\/2024\/05\/bc5e6d85-e59f-45ad-b318-e22e253c7371_1-138x300.jpg 138w, https:\/\/loudavymkrokem.cz\/wp-content\/uploads\/2024\/05\/bc5e6d85-e59f-45ad-b318-e22e253c7371_1-700x1517.jpg 700w, https:\/\/loudavymkrokem.cz\/wp-content\/uploads\/2024\/05\/bc5e6d85-e59f-45ad-b318-e22e253c7371_1-768x1664.jpg 768w, https:\/\/loudavymkrokem.cz\/wp-content\/uploads\/2024\/05\/bc5e6d85-e59f-45ad-b318-e22e253c7371_1-709x1536.jpg 709w, https:\/\/loudavymkrokem.cz\/wp-content\/uploads\/2024\/05\/bc5e6d85-e59f-45ad-b318-e22e253c7371_1-696x1508.jpg 696w\" sizes=\"auto, (max-width: 945px) 100vw, 945px\"><\/figure>\n<p><\/a><\/div>\n<\/div>\n<div class=\"wp-block-column is-layout-flow wp-block-column-is-layout-flow\">\n<div><a href=\"https:\/\/loudavymkrokem.cz\/wp-content\/uploads\/2024\/05\/af49493d-fc87-46a9-a079-61f65a769f2b.jpg\" class=\"td-modal-image\"><\/p>\n<figure class=\"wp-block-image size-full\"><img loading=\"lazy\" decoding=\"async\" width=\"945\" height=\"2048\" src=\"https:\/\/loudavymkrokem.cz\/wp-content\/uploads\/2024\/05\/af49493d-fc87-46a9-a079-61f65a769f2b.jpg\" alt=\"\" class=\"wp-image-84549\" title=\"\" srcset=\"https:\/\/loudavymkrokem.cz\/wp-content\/uploads\/2024\/05\/af49493d-fc87-46a9-a079-61f65a769f2b.jpg 945w, https:\/\/loudavymkrokem.cz\/wp-content\/uploads\/2024\/05\/af49493d-fc87-46a9-a079-61f65a769f2b-138x300.jpg 138w, https:\/\/loudavymkrokem.cz\/wp-content\/uploads\/2024\/05\/af49493d-fc87-46a9-a079-61f65a769f2b-700x1517.jpg 700w, https:\/\/loudavymkrokem.cz\/wp-content\/uploads\/2024\/05\/af49493d-fc87-46a9-a079-61f65a769f2b-768x1664.jpg 768w, https:\/\/loudavymkrokem.cz\/wp-content\/uploads\/2024\/05\/af49493d-fc87-46a9-a079-61f65a769f2b-709x1536.jpg 709w, https:\/\/loudavymkrokem.cz\/wp-content\/uploads\/2024\/05\/af49493d-fc87-46a9-a079-61f65a769f2b-696x1508.jpg 696w\" sizes=\"auto, (max-width: 945px) 100vw, 945px\"><\/figure>\n<p><\/a><\/div>\n<\/div>\n<\/div>\n<h3 class=\"wp-block-heading\" id=\"lukas-konecny-4500-obserwujacych-lukaskonecny\">Luk\u00e1\u0161 Kone\u010dn\u00fd (4,500 obserwuj\u0105cych) &#8211; <a href=\"http:\/\/instagram.com\/lukaskonecny\/\" target=\"_blank\" rel=\"noopener\"><strong>@lukaskonecny<\/strong><\/a><\/h3>\n<h3 class=\"wp-block-heading\" id=\"loudavym-krokem-11200-obserwujacych-loudavymkrokem\">Loudav\u00fdm Krokem (11,200 obserwuj\u0105cych) &#8211; <a href=\"http:\/\/instagram.com\/loudavymkrokem\/\" target=\"_blank\" rel=\"noopener\"><strong>@loudavymkrokem<\/strong><\/a><\/h3>\n<h2 class=\"wp-block-heading\" id=\"tiktok\">TikTok<\/h2>\n<h3 class=\"wp-block-heading\" id=\"lucie-konecna-endijka\">Lucie Kone\u010dn\u00e1 \u2013 <a href=\"https:\/\/www.tiktok.com\/@endijka\" target=\"_blank\" rel=\"noopener\">@endijka<\/a><\/h3>\n<p>Konto po\u015bwi\u0119cone pracy i podr\u00f3\u017com z dzie\u0107mi, marketingowi online, zarabianiu w internecie.<\/p>\n<ul class=\"wp-block-list\">\n<li>Zasi\u0119g: 10,000 \u2013 150,000<\/li>\n<li>komentarze: 30 \u2013 300<\/li>\n<\/ul>\n<div><a href=\"https:\/\/loudavymkrokem.cz\/wp-content\/uploads\/2024\/05\/Snimek-obrazovky-2024-05-18-v-12.40.20.jpg\" class=\"td-modal-image\"><\/p>\n<figure class=\"wp-block-image size-full\"><img loading=\"lazy\" decoding=\"async\" width=\"2162\" height=\"608\" src=\"https:\/\/loudavymkrokem.cz\/wp-content\/uploads\/2024\/05\/Snimek-obrazovky-2024-05-18-v-12.40.20.jpg\" alt=\"\" class=\"wp-image-84564\" title=\"\" srcset=\"https:\/\/loudavymkrokem.cz\/wp-content\/uploads\/2024\/05\/Snimek-obrazovky-2024-05-18-v-12.40.20.jpg 2162w, https:\/\/loudavymkrokem.cz\/wp-content\/uploads\/2024\/05\/Snimek-obrazovky-2024-05-18-v-12.40.20-300x84.jpg 300w, https:\/\/loudavymkrokem.cz\/wp-content\/uploads\/2024\/05\/Snimek-obrazovky-2024-05-18-v-12.40.20-700x197.jpg 700w, https:\/\/loudavymkrokem.cz\/wp-content\/uploads\/2024\/05\/Snimek-obrazovky-2024-05-18-v-12.40.20-768x216.jpg 768w, https:\/\/loudavymkrokem.cz\/wp-content\/uploads\/2024\/05\/Snimek-obrazovky-2024-05-18-v-12.40.20-1536x432.jpg 1536w, https:\/\/loudavymkrokem.cz\/wp-content\/uploads\/2024\/05\/Snimek-obrazovky-2024-05-18-v-12.40.20-2048x576.jpg 2048w, https:\/\/loudavymkrokem.cz\/wp-content\/uploads\/2024\/05\/Snimek-obrazovky-2024-05-18-v-12.40.20-696x196.jpg 696w, https:\/\/loudavymkrokem.cz\/wp-content\/uploads\/2024\/05\/Snimek-obrazovky-2024-05-18-v-12.40.20-1392x391.jpg 1392w, https:\/\/loudavymkrokem.cz\/wp-content\/uploads\/2024\/05\/Snimek-obrazovky-2024-05-18-v-12.40.20-1920x540.jpg 1920w\" sizes=\"auto, (max-width: 2162px) 100vw, 2162px\"><\/figure>\n<p><\/a><\/div>\n<p class=\"has-text-align-center\"><span style=\"font-size: 8pt;\"><a href=\"http:\/\/www.czin.eu\/in\/1553129773.html\" target=\"_blank\" rel=\"noopener\">CZIN.eu<\/a>&nbsp;<\/span><\/p>\n","protected":false},"excerpt":{"rendered":"<p>Ostatnia aktualizacja: 26.2.2026 Strona Loudav\u00fdm krokem \u015aredni miesi\u0119czny ruch (ostatni rok): 88,600 u\u017cytkownik\u00f3w \/ 95,200 wizyt Ruch z ostatnich 30 dni: 53,400 u\u017cytkownik\u00f3w \/ 57,500 wizyt (dane poza sezonem) \u0179r\u00f3d\u0142o ruchu: 80% organic traffic, reszta to bezpo\u015bredni + social + AI Tematy: 90% podr\u00f3\u017ce, 10% zarabianie online\/marketing, troch\u0119 finans\u00f3w Oferta publikacji artyku\u0142\u00f3w i link\u00f3w: Whitepress [&hellip;]<\/p>\n","protected":false},"author":2,"featured_media":0,"parent":0,"menu_order":0,"comment_status":"closed","ping_status":"closed","template":"","meta":{"footnotes":""},"class_list":["post-132722","page","type-page","status-publish"],"featured_image_src":null,"_links":{"self":[{"href":"https:\/\/loudavymkrokem.cz\/pl\/wp-json\/wp\/v2\/pages\/132722","targetHints":{"allow":["GET"]}}],"collection":[{"href":"https:\/\/loudavymkrokem.cz\/pl\/wp-json\/wp\/v2\/pages"}],"about":[{"href":"https:\/\/loudavymkrokem.cz\/pl\/wp-json\/wp\/v2\/types\/page"}],"author":[{"embeddable":true,"href":"https:\/\/loudavymkrokem.cz\/pl\/wp-json\/wp\/v2\/users\/2"}],"replies":[{"embeddable":true,"href":"https:\/\/loudavymkrokem.cz\/pl\/wp-json\/wp\/v2\/comments?post=132722"}],"version-history":[{"count":0,"href":"https:\/\/loudavymkrokem.cz\/pl\/wp-json\/wp\/v2\/pages\/132722\/revisions"}],"wp:attachment":[{"href":"https:\/\/loudavymkrokem.cz\/pl\/wp-json\/wp\/v2\/media?parent=132722"}],"curies":[{"name":"wp","href":"https:\/\/api.w.org\/{rel}","templated":true}]}}