{"id":132721,"date":"2018-04-15T22:30:45","date_gmt":"2018-04-15T20:30:45","guid":{"rendered":"https:\/\/loudavymkrokem.cz\/media-kit\/"},"modified":"2026-03-13T18:11:36","modified_gmt":"2026-03-13T17:11:36","slug":"media-kit","status":"publish","type":"page","link":"https:\/\/loudavymkrokem.cz\/it\/media-kit\/","title":{"rendered":"Media Kit"},"content":{"rendered":"<p><em>Ultimo aggiornamento: <\/em>26.2.2026<\/p>\n<h2 class=\"wp-block-heading\" id=\"sito-loudavym-krokem\">Sito Loudav\u00fdm krokem<\/h2>\n<ul class=\"wp-block-list\">\n<li><strong>Traffico mensile medio (ultimo anno):<\/strong> 88,600 utenti \/ 95,200 visite<\/li>\n<li><strong>Traffico degli ultimi 30 giorni:<\/strong> 53,400 utenti \/ 57,500 visite (numeri fuori stagione)<\/li>\n<li><strong>Fonte del traffico:<\/strong> 80% organic traffic, il resto \u00e8 diretto + social + IA<\/li>\n<li><strong>Temi:<\/strong> 90% viaggi, 10% guadagno online\/marketing, un po&#8217; di finanza<\/li>\n<li>Offerta di pubblicazione di articoli e link: <a href=\"https:\/\/www.whitepress.com\/panel\/publisher\/portals\/166039\" target=\"_blank\" rel=\"noopener\"><strong>Whitepress<\/strong><\/a><\/li>\n<\/ul>\n<div class=\"wp-block-image\">\n<figure class=\"aligncenter size-full\"><img loading=\"lazy\" decoding=\"async\" width=\"1084\" height=\"533\" src=\"https:\/\/loudavymkrokem.cz\/wp-content\/uploads\/2026\/02\/lk-mediakit.png\" alt=\"Media kit 2026\" class=\"wp-image-132586\" title=\"\" srcset=\"https:\/\/loudavymkrokem.cz\/wp-content\/uploads\/2026\/02\/lk-mediakit.png 1084w, https:\/\/loudavymkrokem.cz\/wp-content\/uploads\/2026\/02\/lk-mediakit-300x148.png 300w, https:\/\/loudavymkrokem.cz\/wp-content\/uploads\/2026\/02\/lk-mediakit-700x344.png 700w, https:\/\/loudavymkrokem.cz\/wp-content\/uploads\/2026\/02\/lk-mediakit-768x378.png 768w, https:\/\/loudavymkrokem.cz\/wp-content\/uploads\/2026\/02\/lk-mediakit-696x342.png 696w\" sizes=\"auto, (max-width: 1084px) 100vw, 1084px\"><figcaption class=\"wp-element-caption\">Media kit 2026<\/figcaption><\/figure>\n<\/div>\n<h2 class=\"wp-block-heading\" id=\"lista-email\">Lista e-mail<\/h2>\n<p>Ogni mese inviamo una newsletter regolare con i migliori articoli di viaggio, consigli di marketing e guide su come guadagnare online.<\/p>\n<p><strong>La nostra newsletter \u00e8 letta da ~10.100 viaggiatori, marketer e freelancer che guadagnano online.<\/strong><\/p>\n<h3 class=\"wp-block-heading\" id=\"sponsorizzazione-newsletter\">Sponsorizzazione della newsletter<\/h3>\n<p>Vorreste che il vostro progetto o servizio apparisse nella nostra newsletter? Diventate sponsor! Offriamo sponsorizzazioni una tantum e ricorrenti.<\/p>\n<p><strong>Nell&#8217;ambito della newsletter, ottenete un&#8217;intera sezione con la possibilit\u00e0 di includere:<\/strong><\/p>\n<ul class=\"wp-block-list\">\n<li>fino a 5 paragrafi di testo<\/li>\n<li>un&#8217;immagine<\/li>\n<li>un logo<\/li>\n<li>due link<\/li>\n<\/ul>\n<h2 class=\"wp-block-heading\" id=\"twitter\">Twitter<\/h2>\n<p>I nostri account X (Twitter) sono pi\u00f9 orientati al business e al marketing.<\/p>\n<ul class=\"wp-block-list\">\n<li><a href=\"https:\/\/twitter.com\/lukaskonecny\" data-type=\"link\" data-id=\"https:\/\/twitter.com\/lukaskonecny\" target=\"_blank\" rel=\"noopener\"><strong>Luk\u00e1\u0161 Kone\u010dn\u00fd<\/strong><\/a> \u2013 2,800 follower<\/li>\n<li><a href=\"https:\/\/twitter.com\/Endijka\" target=\"_blank\" rel=\"noopener\"><strong>Lucie Kone\u010dn\u00e1<\/strong><\/a> \u2013 5,800 follower<\/li>\n<\/ul>\n<h2 class=\"wp-block-heading\" id=\"pagina-facebook-e-gruppi\">Pagina Facebook e i nostri gruppi<\/h2>\n<p>Le nostre pagine e gruppi Facebook sono quasi esclusivamente dedicati ai contenuti di viaggio.<\/p>\n<ul class=\"wp-block-list\">\n<li>Pagina <strong><a href=\"https:\/\/www.facebook.com\/LoudavymKrokem\/\" target=\"_blank\" rel=\"noopener\">Loudav\u00fdm Krokem<\/a><\/strong> &#8211; 4,800 follower<\/li>\n<li>Gruppo <strong><a href=\"https:\/\/www.facebook.com\/groups\/872497006230809\/\" target=\"_blank\" rel=\"noopener\">Consigli di viaggio economici<\/a><\/strong> &#8211; 2,600 membri<\/li>\n<li>Gruppo <strong><a href=\"https:\/\/www.facebook.com\/groups\/407379903106268\/\" target=\"_blank\" rel=\"noopener\">Incontri per viaggiatori<\/a><\/strong> &#8211; 1,000 membri<\/li>\n<\/ul>\n<h2 class=\"wp-block-heading\" id=\"instagram\">Instagram<\/h2>\n<h3 class=\"wp-block-heading\" id=\"lucie-konecna-20300-follower-endijka\">Lucie Kone\u010dn\u00e1 \u2013 20,300 follower (<a href=\"http:\/\/instagram.com\/endijka\/\" target=\"_blank\" rel=\"noopener\"><strong>@endijka<\/strong><\/a>)<\/h3>\n<p>Account dedicato al lavoro e ai viaggi con bambini, marketing online, guadagnare su internet.<\/p>\n<ul class=\"wp-block-list\">\n<li>Copertura reels: <strong>fino a 1.300.000 visualizzazioni<\/strong> su un singolo reel a maggio 2024<\/li>\n<li>Like: 200 \u2013 800<\/li>\n<li>Commenti medi: 80<\/li>\n<li>Visualizzazioni medie delle storie: 5,000<\/li>\n<li><strong>Engagement rate: 192%<\/strong> ((like + commenti) \/ follower)<\/li>\n<\/ul>\n<div><a href=\"https:\/\/loudavymkrokem.cz\/wp-content\/uploads\/2026\/02\/endijka-ig.png\" class=\"td-modal-image\"><\/p>\n<figure class=\"wp-block-image size-full\"><img loading=\"lazy\" decoding=\"async\" width=\"821\" height=\"523\" src=\"https:\/\/loudavymkrokem.cz\/wp-content\/uploads\/2026\/02\/endijka-ig.png\" alt=\"Lucka Instagram - @endijka\" class=\"wp-image-132587\" title=\"\" srcset=\"https:\/\/loudavymkrokem.cz\/wp-content\/uploads\/2026\/02\/endijka-ig.png 821w, https:\/\/loudavymkrokem.cz\/wp-content\/uploads\/2026\/02\/endijka-ig-300x191.png 300w, https:\/\/loudavymkrokem.cz\/wp-content\/uploads\/2026\/02\/endijka-ig-700x446.png 700w, https:\/\/loudavymkrokem.cz\/wp-content\/uploads\/2026\/02\/endijka-ig-768x489.png 768w, https:\/\/loudavymkrokem.cz\/wp-content\/uploads\/2026\/02\/endijka-ig-696x443.png 696w\" sizes=\"auto, (max-width: 821px) 100vw, 821px\"><figcaption class=\"wp-element-caption\">Lucka Instagram &#8211; @endijka<\/figcaption><\/figure>\n<p><\/a><\/div>\n<div class=\"wp-block-columns is-layout-flex wp-container-core-columns-is-layout-9d6595d7 wp-block-columns-is-layout-flex\">\n<div class=\"wp-block-column is-layout-flow wp-block-column-is-layout-flow\">\n<div><a href=\"https:\/\/loudavymkrokem.cz\/wp-content\/uploads\/2024\/05\/dd6e2c3f-8403-4684-b940-a90dde33c9b9.jpg\" class=\"td-modal-image\"><\/p>\n<figure class=\"wp-block-image size-full\"><img loading=\"lazy\" decoding=\"async\" width=\"945\" height=\"2048\" src=\"https:\/\/loudavymkrokem.cz\/wp-content\/uploads\/2024\/05\/dd6e2c3f-8403-4684-b940-a90dde33c9b9.jpg\" alt=\"\" class=\"wp-image-84557\" title=\"\" srcset=\"https:\/\/loudavymkrokem.cz\/wp-content\/uploads\/2024\/05\/dd6e2c3f-8403-4684-b940-a90dde33c9b9.jpg 945w, https:\/\/loudavymkrokem.cz\/wp-content\/uploads\/2024\/05\/dd6e2c3f-8403-4684-b940-a90dde33c9b9-138x300.jpg 138w, https:\/\/loudavymkrokem.cz\/wp-content\/uploads\/2024\/05\/dd6e2c3f-8403-4684-b940-a90dde33c9b9-700x1517.jpg 700w, https:\/\/loudavymkrokem.cz\/wp-content\/uploads\/2024\/05\/dd6e2c3f-8403-4684-b940-a90dde33c9b9-768x1664.jpg 768w, https:\/\/loudavymkrokem.cz\/wp-content\/uploads\/2024\/05\/dd6e2c3f-8403-4684-b940-a90dde33c9b9-709x1536.jpg 709w, https:\/\/loudavymkrokem.cz\/wp-content\/uploads\/2024\/05\/dd6e2c3f-8403-4684-b940-a90dde33c9b9-696x1508.jpg 696w\" sizes=\"auto, (max-width: 945px) 100vw, 945px\"><\/figure>\n<p><\/a><\/div>\n<\/div>\n<div class=\"wp-block-column is-layout-flow wp-block-column-is-layout-flow\">\n<div><a href=\"https:\/\/loudavymkrokem.cz\/wp-content\/uploads\/2024\/05\/bc5e6d85-e59f-45ad-b318-e22e253c7371_1.jpg\" class=\"td-modal-image\"><\/p>\n<figure class=\"wp-block-image size-full\"><img loading=\"lazy\" decoding=\"async\" width=\"945\" height=\"2048\" src=\"https:\/\/loudavymkrokem.cz\/wp-content\/uploads\/2024\/05\/bc5e6d85-e59f-45ad-b318-e22e253c7371_1.jpg\" alt=\"\" class=\"wp-image-84553\" title=\"\" srcset=\"https:\/\/loudavymkrokem.cz\/wp-content\/uploads\/2024\/05\/bc5e6d85-e59f-45ad-b318-e22e253c7371_1.jpg 945w, https:\/\/loudavymkrokem.cz\/wp-content\/uploads\/2024\/05\/bc5e6d85-e59f-45ad-b318-e22e253c7371_1-138x300.jpg 138w, https:\/\/loudavymkrokem.cz\/wp-content\/uploads\/2024\/05\/bc5e6d85-e59f-45ad-b318-e22e253c7371_1-700x1517.jpg 700w, https:\/\/loudavymkrokem.cz\/wp-content\/uploads\/2024\/05\/bc5e6d85-e59f-45ad-b318-e22e253c7371_1-768x1664.jpg 768w, https:\/\/loudavymkrokem.cz\/wp-content\/uploads\/2024\/05\/bc5e6d85-e59f-45ad-b318-e22e253c7371_1-709x1536.jpg 709w, https:\/\/loudavymkrokem.cz\/wp-content\/uploads\/2024\/05\/bc5e6d85-e59f-45ad-b318-e22e253c7371_1-696x1508.jpg 696w\" sizes=\"auto, (max-width: 945px) 100vw, 945px\"><\/figure>\n<p><\/a><\/div>\n<\/div>\n<div class=\"wp-block-column is-layout-flow wp-block-column-is-layout-flow\">\n<div><a href=\"https:\/\/loudavymkrokem.cz\/wp-content\/uploads\/2024\/05\/af49493d-fc87-46a9-a079-61f65a769f2b.jpg\" class=\"td-modal-image\"><\/p>\n<figure class=\"wp-block-image size-full\"><img loading=\"lazy\" decoding=\"async\" width=\"945\" height=\"2048\" src=\"https:\/\/loudavymkrokem.cz\/wp-content\/uploads\/2024\/05\/af49493d-fc87-46a9-a079-61f65a769f2b.jpg\" alt=\"\" class=\"wp-image-84549\" title=\"\" srcset=\"https:\/\/loudavymkrokem.cz\/wp-content\/uploads\/2024\/05\/af49493d-fc87-46a9-a079-61f65a769f2b.jpg 945w, https:\/\/loudavymkrokem.cz\/wp-content\/uploads\/2024\/05\/af49493d-fc87-46a9-a079-61f65a769f2b-138x300.jpg 138w, https:\/\/loudavymkrokem.cz\/wp-content\/uploads\/2024\/05\/af49493d-fc87-46a9-a079-61f65a769f2b-700x1517.jpg 700w, https:\/\/loudavymkrokem.cz\/wp-content\/uploads\/2024\/05\/af49493d-fc87-46a9-a079-61f65a769f2b-768x1664.jpg 768w, https:\/\/loudavymkrokem.cz\/wp-content\/uploads\/2024\/05\/af49493d-fc87-46a9-a079-61f65a769f2b-709x1536.jpg 709w, https:\/\/loudavymkrokem.cz\/wp-content\/uploads\/2024\/05\/af49493d-fc87-46a9-a079-61f65a769f2b-696x1508.jpg 696w\" sizes=\"auto, (max-width: 945px) 100vw, 945px\"><\/figure>\n<p><\/a><\/div>\n<\/div>\n<\/div>\n<h3 class=\"wp-block-heading\" id=\"lukas-konecny-4500-follower-lukaskonecny\">Luk\u00e1\u0161 Kone\u010dn\u00fd (4,500 follower) &#8211; <a href=\"http:\/\/instagram.com\/lukaskonecny\/\" target=\"_blank\" rel=\"noopener\"><strong>@lukaskonecny<\/strong><\/a><\/h3>\n<h3 class=\"wp-block-heading\" id=\"loudavym-krokem-11200-follower-loudavymkrokem\">Loudav\u00fdm Krokem (11,200 follower) &#8211; <a href=\"http:\/\/instagram.com\/loudavymkrokem\/\" target=\"_blank\" rel=\"noopener\"><strong>@loudavymkrokem<\/strong><\/a><\/h3>\n<h2 class=\"wp-block-heading\" id=\"tiktok\">TikTok<\/h2>\n<h3 class=\"wp-block-heading\" id=\"lucie-konecna-endijka\">Lucie Kone\u010dn\u00e1 \u2013 <a href=\"https:\/\/www.tiktok.com\/@endijka\" target=\"_blank\" rel=\"noopener\">@endijka<\/a><\/h3>\n<p>Account dedicato al lavoro e ai viaggi con bambini, marketing online, guadagnare su internet.<\/p>\n<ul class=\"wp-block-list\">\n<li>Copertura: 10,000 \u2013 150,000<\/li>\n<li>commenti: 30 \u2013 300<\/li>\n<\/ul>\n<div><a href=\"https:\/\/loudavymkrokem.cz\/wp-content\/uploads\/2024\/05\/Snimek-obrazovky-2024-05-18-v-12.40.20.jpg\" class=\"td-modal-image\"><\/p>\n<figure class=\"wp-block-image size-full\"><img loading=\"lazy\" decoding=\"async\" width=\"2162\" height=\"608\" src=\"https:\/\/loudavymkrokem.cz\/wp-content\/uploads\/2024\/05\/Snimek-obrazovky-2024-05-18-v-12.40.20.jpg\" alt=\"\" class=\"wp-image-84564\" title=\"\" srcset=\"https:\/\/loudavymkrokem.cz\/wp-content\/uploads\/2024\/05\/Snimek-obrazovky-2024-05-18-v-12.40.20.jpg 2162w, https:\/\/loudavymkrokem.cz\/wp-content\/uploads\/2024\/05\/Snimek-obrazovky-2024-05-18-v-12.40.20-300x84.jpg 300w, https:\/\/loudavymkrokem.cz\/wp-content\/uploads\/2024\/05\/Snimek-obrazovky-2024-05-18-v-12.40.20-700x197.jpg 700w, https:\/\/loudavymkrokem.cz\/wp-content\/uploads\/2024\/05\/Snimek-obrazovky-2024-05-18-v-12.40.20-768x216.jpg 768w, https:\/\/loudavymkrokem.cz\/wp-content\/uploads\/2024\/05\/Snimek-obrazovky-2024-05-18-v-12.40.20-1536x432.jpg 1536w, https:\/\/loudavymkrokem.cz\/wp-content\/uploads\/2024\/05\/Snimek-obrazovky-2024-05-18-v-12.40.20-2048x576.jpg 2048w, https:\/\/loudavymkrokem.cz\/wp-content\/uploads\/2024\/05\/Snimek-obrazovky-2024-05-18-v-12.40.20-696x196.jpg 696w, https:\/\/loudavymkrokem.cz\/wp-content\/uploads\/2024\/05\/Snimek-obrazovky-2024-05-18-v-12.40.20-1392x391.jpg 1392w, https:\/\/loudavymkrokem.cz\/wp-content\/uploads\/2024\/05\/Snimek-obrazovky-2024-05-18-v-12.40.20-1920x540.jpg 1920w\" sizes=\"auto, (max-width: 2162px) 100vw, 2162px\"><\/figure>\n<p><\/a><\/div>\n<p class=\"has-text-align-center\"><span style=\"font-size: 8pt;\"><a href=\"http:\/\/www.czin.eu\/in\/1553129773.html\" target=\"_blank\" rel=\"noopener\">CZIN.eu<\/a>&nbsp;<\/span><\/p>\n","protected":false},"excerpt":{"rendered":"<p>Ultimo aggiornamento: 26.2.2026 Sito Loudav\u00fdm krokem Traffico mensile medio (ultimo anno): 88,600 utenti \/ 95,200 visite Traffico degli ultimi 30 giorni: 53,400 utenti \/ 57,500 visite (numeri fuori stagione) Fonte del traffico: 80% organic traffic, il resto \u00e8 diretto + social + IA Temi: 90% viaggi, 10% guadagno online\/marketing, un po&#8217; di finanza Offerta di [&hellip;]<\/p>\n","protected":false},"author":2,"featured_media":0,"parent":0,"menu_order":0,"comment_status":"closed","ping_status":"closed","template":"","meta":{"footnotes":""},"class_list":["post-132721","page","type-page","status-publish"],"featured_image_src":null,"_links":{"self":[{"href":"https:\/\/loudavymkrokem.cz\/it\/wp-json\/wp\/v2\/pages\/132721","targetHints":{"allow":["GET"]}}],"collection":[{"href":"https:\/\/loudavymkrokem.cz\/it\/wp-json\/wp\/v2\/pages"}],"about":[{"href":"https:\/\/loudavymkrokem.cz\/it\/wp-json\/wp\/v2\/types\/page"}],"author":[{"embeddable":true,"href":"https:\/\/loudavymkrokem.cz\/it\/wp-json\/wp\/v2\/users\/2"}],"replies":[{"embeddable":true,"href":"https:\/\/loudavymkrokem.cz\/it\/wp-json\/wp\/v2\/comments?post=132721"}],"version-history":[{"count":0,"href":"https:\/\/loudavymkrokem.cz\/it\/wp-json\/wp\/v2\/pages\/132721\/revisions"}],"wp:attachment":[{"href":"https:\/\/loudavymkrokem.cz\/it\/wp-json\/wp\/v2\/media?parent=132721"}],"curies":[{"name":"wp","href":"https:\/\/api.w.org\/{rel}","templated":true}]}}