{"id":93101,"date":"2022-08-04T14:22:28","date_gmt":"2022-08-04T12:22:28","guid":{"rendered":"https:\/\/loudavymkrokem.cz\/kontakty\/"},"modified":"2025-02-04T15:08:05","modified_gmt":"2025-02-04T14:08:05","slug":"kontakty","status":"publish","type":"page","link":"https:\/\/loudavymkrokem.cz\/de\/kontakty\/","title":{"rendered":"Kontakt"},"content":{"rendered":"\n<h2 class=\"wp-block-heading\">Website-Betreiber<\/h2>\n\n<ul class=\"wp-block-list\">\n<li><strong>Lukas Konecny<\/strong><\/li>\n\n\n\n<li>ID: <a href=\"https:\/\/www.rzp.cz\/cgi-bin\/aps_cacheWEB.sh?VSS_SERV=ZVWSBJVYP&amp;OKRES=&amp;CASTOBCE=&amp;OBEC=&amp;ULICE=&amp;CDOM=&amp;COR=&amp;COZ=&amp;ICO=88563766&amp;OBCHJM=&amp;OBCHJMATD=0&amp;ROLES=P&amp;JMENO=&amp;PRIJMENI=&amp;NAROZENI=&amp;ROLE=&amp;VYPIS=1&amp;type=&amp;PODLE=subjekt&amp;IDICO=f3455265c7c97bce4f3e&amp;HISTORIE=0\" data-type=\"link\" data-id=\"https:\/\/www.rzp.cz\/cgi-bin\/aps_cacheWEB.sh?VSS_SERV=ZVWSBJVYP&amp;OKRES=&amp;CASTOBCE=&amp;OBEC=&amp;ULICE=&amp;CDOM=&amp;COR=&amp;COZ=&amp;ICO=88563766&amp;OBCHJM=&amp;OBCHJMATD=0&amp;ROLES=P&amp;JMENO=&amp;PRIJMENI=&amp;NAROZENI=&amp;ROLE=&amp;VYPIS=1&amp;type=&amp;PODLE=subjekt&amp;IDICO=f3455265c7c97bce4f3e&amp;HISTORIE=0\" target=\"_blank\" rel=\"noopener\">88563766<\/a><\/li>\n\n\n\n<li>DIC: CZ9206012981<\/li>\n\n\n\n<li>E-Mail: lukas@lkmedia.cz<\/li>\n\n\n\n<li>Adresse: Velk\u00e9 n\u00e1m\u011bst\u00ed 27\/19, P\u00edsek, 397 01<\/li>\n<\/ul>\n\n<p><strong>Betreiber des E-Shop-Teils<\/strong><\/p>\n\n<ul class=\"wp-block-list\">\n<li>Lucie Kone\u010dn\u00e1<\/li>\n\n\n\n<li>ID: 03281302<\/li>\n\n\n\n<li>E-Mail: lucie@lkmedia.cz<\/li>\n\n\n\n<li>Adresse: Velk\u00e9 n\u00e1m\u011bst\u00ed 27\/19, P\u00edsek, 397 01<\/li>\n<\/ul>\n","protected":false},"excerpt":{"rendered":"<p>Website-Betreiber Betreiber des E-Shop-Teils<\/p>\n","protected":false},"author":2,"featured_media":0,"parent":0,"menu_order":0,"comment_status":"closed","ping_status":"closed","template":"","meta":{"footnotes":""},"class_list":["post-93101","page","type-page","status-publish"],"featured_image_src":null,"_links":{"self":[{"href":"https:\/\/loudavymkrokem.cz\/de\/wp-json\/wp\/v2\/pages\/93101","targetHints":{"allow":["GET"]}}],"collection":[{"href":"https:\/\/loudavymkrokem.cz\/de\/wp-json\/wp\/v2\/pages"}],"about":[{"href":"https:\/\/loudavymkrokem.cz\/de\/wp-json\/wp\/v2\/types\/page"}],"author":[{"embeddable":true,"href":"https:\/\/loudavymkrokem.cz\/de\/wp-json\/wp\/v2\/users\/2"}],"replies":[{"embeddable":true,"href":"https:\/\/loudavymkrokem.cz\/de\/wp-json\/wp\/v2\/comments?post=93101"}],"version-history":[{"count":1,"href":"https:\/\/loudavymkrokem.cz\/de\/wp-json\/wp\/v2\/pages\/93101\/revisions"}],"predecessor-version":[{"id":93102,"href":"https:\/\/loudavymkrokem.cz\/de\/wp-json\/wp\/v2\/pages\/93101\/revisions\/93102"}],"wp:attachment":[{"href":"https:\/\/loudavymkrokem.cz\/de\/wp-json\/wp\/v2\/media?parent=93101"}],"curies":[{"name":"wp","href":"https:\/\/api.w.org\/{rel}","templated":true}]}}