{"id":93094,"date":"2014-08-08T10:27:11","date_gmt":"2014-08-08T08:27:11","guid":{"rendered":"https:\/\/loudavymkrokem.cz\/o-nas-2\/"},"modified":"2025-02-04T15:07:30","modified_gmt":"2025-02-04T14:07:30","slug":"o-nas-2","status":"publish","type":"page","link":"https:\/\/loudavymkrokem.cz\/de\/o-nas-2\/","title":{"rendered":"\u00dcber uns"},"content":{"rendered":"\n<p>Wir sind Ehemann und Ehefrau Luk\u00e1\u0161 und Lucka. Zu unserer Familie geh\u00f6ren auch Hund Karel und Hund Baby. Wir lieben die Berge, S\u00fcdb\u00f6hmen und haben schon Dutzende von L\u00e4ndern auf der ganzen Welt besucht. Wir verdienen unseren Lebensunterhalt haupts\u00e4chlich mit dem Online-Verkauf von Qualit\u00e4tsprodukten tschechischer und eigener Marken.   <\/p>\n\n<p>Die Leute halten uns f\u00fcr <b>gl\u00fccklich, weil wir online arbeiten und reisen k\u00f6nnen<\/b>, aber wir sehen das ein wenig anders: Wir haben Gl\u00fcck <b>, weil wir uns gefunden haben.<\/b> Es ist wunderbar, von \u00fcberall auf der Welt aus arbeiten zu k\u00f6nnen und andere Kulturen zu erleben, aber das Beste ist, dass wir alles gemeinsam erleben.<\/p>\n\n<p>Im Jahr 2021 haben wir in P\u00edsek angedockt, wo wir eine Wohnung gekauft haben. <strong>Zusammen mit unserem Hund Karl gehen wir jeden Tag ins B\u00fcro in unserem Unternehmen <a href=\"https:\/\/www.nanospace.cz\" target=\"_blank\" rel=\"noopener\">nanoSPACE<\/a> (<a href=\"https:\/\/www.nanospace.de\" data-type=\"link\" data-id=\"https:\/\/www.nanospace.de\" target=\"_blank\" rel=\"noopener\">nanospace.de<\/a>, <a href=\"https:\/\/www.nanospace.store\" data-type=\"link\" data-id=\"https:\/\/www.nanospace.store\" target=\"_blank\" rel=\"noopener\">nanospace.store<\/a>), wo wir uns um Betrieb, Finanzen, Marketing, Strategie und Entwicklung k\u00fcmmern.<\/strong> Au\u00dferdem sind wir unter unserem Markennamen <strong><a href=\"https:\/\/www.lkmedia.cz\" target=\"_blank\" rel=\"noopener\">LK MEDIA<\/a> <\/strong>helfen wir unseren Kunden, ihr Gesch\u00e4ft online zu entwickeln.<\/p>\n\n<p><strong>Ein Beispiel f\u00fcr unsere Kunden:<\/strong><\/p>\n\n<ul class=\"wp-block-list\">\n<li><a href=\"http:\/\/ochutnejorech.cz\/\" target=\"_blank\" rel=\"noreferrer noopener\">Ochutnejo\u0159ech.cz<\/a><\/li>\n\n\n\n<li><a href=\"https:\/\/www.ochutnejorech.sk\" target=\"_blank\" rel=\"noopener\">Ochutnejorech.sk<\/a><\/li>\n\n\n\n<li><a href=\"https:\/\/www.onlinejazyky.cz\/\" target=\"_blank\" rel=\"noreferrer noopener\">Onlinejazyky.cz<\/a><\/li>\n\n\n\n<li><a href=\"https:\/\/www.super-granule.cz\/\" target=\"_blank\" rel=\"noopener\">Supergranulat.cz<\/a><\/li>\n\n\n\n<li><a href=\"https:\/\/www.woodstonepisek.cz\" data-type=\"link\" data-id=\"https:\/\/www.todly.cz\" target=\"_blank\" rel=\"noopener\">woodstonepisek.cz<\/a><\/li>\n\n\n\n<li><a href=\"https:\/\/www.barboraenglischova.cz\" target=\"_blank\" rel=\"noopener\">barboraeglischova.cz<\/a><\/li>\n<\/ul>\n<div class=\"wp-block-image\">\n<figure class=\"aligncenter size-full\"><img loading=\"lazy\" decoding=\"async\" width=\"700\" height=\"700\" src=\"https:\/\/www.loudavymkrokem.cz\/wp-content\/uploads\/2023\/05\/lukas-a-lucie-lk-media-700x700-1.jpg\" alt=\"\" class=\"wp-image-58167\" title=\"\"><\/figure><\/div>\n<h2 class=\"wp-block-heading\">Wer sind wir?<\/h2>\n\n<p>Wir sind Unternehmer und Reisende. Wir wurden in das Zeitalter der elektronischen Ger\u00e4te und digitalen Medien hineingeboren. Wir sind beide vom Internet fasziniert und das Online-Gesch\u00e4ft ist eine nat\u00fcrliche Art, unseren Lebensunterhalt zu verdienen. Es hat es uns erm\u00f6glicht,:   <\/p>\n\n<ul class=\"wp-block-list\">\n<li><a href=\"https:\/\/loudavymkrokem.cz\/jak-na-rok-do-kanady\/\"><strong>ein Jahr in Kanada leben<\/strong><\/a><\/li>\n\n\n\n<li><a href=\"https:\/\/loudavymkrokem.cz\/roadtrip-kanada-usa-2017\/\"><strong>drei Monate in einem umgebauten Auto durch Nordamerika reisen<\/strong><\/a><\/li>\n\n\n\n<li><a href=\"https:\/\/loudavymkrokem.cz\/jake-je-kempovani-na-havaji-a-kolik-to-stoji\/\"><strong>Camping auf Hawaii<\/strong><\/a><\/li>\n\n\n\n<li><a href=\"https:\/\/loudavymkrokem.cz\/10-magickych-zazitku-ktere-musite-aljasce-podniknout\/\"><strong>Fahrt nach Alaska<\/strong><\/a><\/li>\n\n\n\n<li><strong><a href=\"https:\/\/loudavymkrokem.cz\/uganda-14-dni-stanem\/\">Camping in Uganda<\/a><\/strong><\/li>\n\n\n\n<li><a href=\"https:\/\/loudavymkrokem.cz\/koh-samui\/\"><strong>leben in Thailand<\/strong><\/a><\/li>\n\n\n\n<li><a href=\"https:\/\/loudavymkrokem.cz\/de\/mexiko-2\/\"><strong>leben in Mexiko<\/strong><\/a><\/li>\n\n\n\n<li><strong><a href=\"https:\/\/loudavymkrokem.cz\/dalkova-cyklistika\/\">um durch Europa zu radeln.<\/a><\/strong><\/li>\n<\/ul>\n\n<p>Seit dem Beginn des Covid haben wir uns in P\u00edsek niedergelassen und fahren f\u00fcr l\u00e4ngere Aufenthalte (einen Monat+) haupts\u00e4chlich im Winter, vor allem nach Portugal.<\/p>\n\n<h2 class=\"wp-block-heading\">Wie k\u00f6nnen wir unseren Lebensunterhalt verdienen?<\/h2>\n\n<p>Unsere Arbeit ist zu 100% online.<\/p>\n\n<p> <strong> Lucka<\/strong> ist Kreativdirektor bei <strong><a href=\"https:\/\/www.nanospace.cz\" target=\"_blank\" rel=\"noopener\">tschechischen Unternehmen nanoSPACE<\/a><\/strong>wo sie mehrere Schl\u00fcsselrollen spielt. NanoSPACE ist ein Publikumsliebling und unsere Produkte wurden von Hunderttausenden Tschechen und Tausenden internationalen Kunden gekauft. <\/p>\n\n<p>Mit einem Abschluss in Journalismus steht Lucy dem Schreiben nahe und hat immer noch mehrere Kunden, f\u00fcr die sie Inhalte und soziale Medien erstellt, wie zum Beispiel eine Kunstgalerie in Soho, New York <strong><a href=\"http:\/\/artplease.com\" target=\"_blank\" rel=\"noopener\">Kunst bitte<\/a><\/strong>.<\/p>\n\n<p><strong>Luk\u00e1\u0161<\/strong> ist eher analytisch veranlagt und k\u00fcmmert sich um die technischen Aspekte unserer Projekte. Er optimiert Websites, arbeitet an SEO, bereitet die Implementierung neuer Funktionen vor und verwaltet die Unternehmensprozesse.   <\/p>\n\n<p>Im Rahmen von <a href=\"https:\/\/www.lkmedia.cz\" target=\"_blank\" rel=\"noopener\"><strong>LK Media<\/strong><\/a> helfen wir Kunden und Freunden bei der Gesch\u00e4ftsentwicklung. F\u00fcr den E-Shop <strong>Ochutnej O\u0159ech<\/strong> k\u00fcmmern wir uns zum Beispiel um Content- und E-Mail-Marketing, f\u00fcr <strong>Onlinejazyk<\/strong> verwalten wir Facebook-Kampagnen und bereiten oft Content- und SEO-Audits vor. <\/p>\n\n<p>Wir haben selbst noch andere Projekte:<\/p>\n\n<ul class=\"wp-block-list\">\n<li><a href=\"https:\/\/www.denikalergika.cz\/\" target=\"_blank\" rel=\"noopener\"><strong>Denikalergika.cz<\/strong><\/a><\/li>\n\n\n\n<li><a href=\"https:\/\/nemuzuspat.cz\/\" target=\"_blank\" rel=\"noopener\"><strong>Nemuzuspat.cz<\/strong><\/a><\/li>\n\n\n\n<li><a href=\"https:\/\/www.macrolife.cz\/\" target=\"_blank\" rel=\"noopener\"><strong>Caf\u00e9 Louny<\/strong><\/a> (Macrolife Essen &amp; Kaffee)<\/li>\n\n\n\n<li><a href=\"https:\/\/www.portugalbay.com\/\" target=\"_blank\" rel=\"noopener\"><strong>Portugalbay.com<\/strong><\/a><\/li>\n<\/ul>\n\n<h2 class=\"wp-block-heading\">Ist es wirklich m\u00f6glich, im Internet auf Dauer Geld zu verdienen?<\/h2>\n\n<p>Ja, wir sind ein Beispiel daf\u00fcr. Und genau darum geht es in diesem Blog, den wir seit 2014 ununterbrochen schreiben. Wir schreiben \u00fcber unsere Reisen und unser Gesch\u00e4ft, aber wir geben auch Ratschl\u00e4ge:  <\/p>\n\n<ul class=\"wp-block-list\">\n<li><strong><a href=\"https:\/\/loudavymkrokem.cz\/jak-si-zalozit-blog\/\">Wie man bloggt<\/a><\/strong><\/li>\n\n\n\n<li><strong><a href=\"https:\/\/loudavymkrokem.cz\/de\/marketing-de\/\">Wie man vermarktet<\/a><\/strong><\/li>\n\n\n\n<li><strong><a href=\"https:\/\/loudavymkrokem.cz\/finance\/\">Wie Sie finanzieren<\/a><\/strong><\/li>\n\n\n\n<li><strong><a href=\"https:\/\/loudavymkrokem.cz\/de\/jak-zacit-investovat\/\">Wie Sie investieren<\/a><\/strong><\/li>\n<\/ul>\n\n<p>Wir erhalten Provisionen f\u00fcr die Inanspruchnahme von empfohlenen Dienstleistungen durch unsere Leser, f\u00fcr gebuchte Aufenthalte oder f\u00fcr Investitionen \u00fcber Investment-Apps. Ein gro\u00dfer Teil dieses Blogs ist Affiliate Marketing. <\/p>\n\n<p>Alle unsere Beratungen sind kostenlos, aber <strong>gelegentlich bieten wir etwas Zus\u00e4tzliches f\u00fcr Geld<\/strong>. Zum Beispiel <a href=\"https:\/\/loudavymkrokem.cz\/publikacni-plan\/\"><strong>einen Plan zur Ver\u00f6ffentlichung in den sozialen Medien<\/strong><\/a>den Sie selbst erstellen k\u00f6nnen, oder sparen Sie zwei Stunden Ihrer Zeit und <strong><a href=\"https:\/\/loudavymkrokem.cz\/publikacni-plan\/\">f\u00fcr den Preis eines Kaffees, kaufen Sie ihn bei uns<\/a><\/strong>. <\/p>\n","protected":false},"excerpt":{"rendered":"<p>Wir sind Ehemann und Ehefrau Luk\u00e1\u0161 und Lucka. Zu unserer Familie geh\u00f6ren auch Hund Karel und Hund Baby. Wir lieben die Berge, S\u00fcdb\u00f6hmen und haben schon Dutzende von L\u00e4ndern auf der ganzen Welt besucht. Wir verdienen unseren Lebensunterhalt haupts\u00e4chlich mit dem Online-Verkauf von Qualit\u00e4tsprodukten tschechischer und eigener Marken. Die Leute halten uns f\u00fcr gl\u00fccklich, weil [&hellip;]<\/p>\n","protected":false},"author":2,"featured_media":0,"parent":0,"menu_order":4,"comment_status":"open","ping_status":"open","template":"","meta":{"footnotes":""},"class_list":["post-93094","page","type-page","status-publish"],"featured_image_src":null,"_links":{"self":[{"href":"https:\/\/loudavymkrokem.cz\/de\/wp-json\/wp\/v2\/pages\/93094","targetHints":{"allow":["GET"]}}],"collection":[{"href":"https:\/\/loudavymkrokem.cz\/de\/wp-json\/wp\/v2\/pages"}],"about":[{"href":"https:\/\/loudavymkrokem.cz\/de\/wp-json\/wp\/v2\/types\/page"}],"author":[{"embeddable":true,"href":"https:\/\/loudavymkrokem.cz\/de\/wp-json\/wp\/v2\/users\/2"}],"replies":[{"embeddable":true,"href":"https:\/\/loudavymkrokem.cz\/de\/wp-json\/wp\/v2\/comments?post=93094"}],"version-history":[{"count":1,"href":"https:\/\/loudavymkrokem.cz\/de\/wp-json\/wp\/v2\/pages\/93094\/revisions"}],"predecessor-version":[{"id":93100,"href":"https:\/\/loudavymkrokem.cz\/de\/wp-json\/wp\/v2\/pages\/93094\/revisions\/93100"}],"wp:attachment":[{"href":"https:\/\/loudavymkrokem.cz\/de\/wp-json\/wp\/v2\/media?parent=93094"}],"curies":[{"name":"wp","href":"https:\/\/api.w.org\/{rel}","templated":true}]}}