{"id":132720,"date":"2018-04-15T22:30:45","date_gmt":"2018-04-15T20:30:45","guid":{"rendered":"https:\/\/loudavymkrokem.cz\/media-kit\/"},"modified":"2026-03-13T18:11:30","modified_gmt":"2026-03-13T17:11:30","slug":"media-kit","status":"publish","type":"page","link":"https:\/\/loudavymkrokem.cz\/de\/media-kit\/","title":{"rendered":"Media Kit"},"content":{"rendered":"<p><em>Letzte Aktualisierung: <\/em>26.2.2026<\/p>\n<h2 class=\"wp-block-heading\" id=\"website-loudavym-krokem\">Website Loudav\u00fdm krokem<\/h2>\n<ul class=\"wp-block-list\">\n<li><strong>Durchschnittlicher monatlicher Traffic (letztes Jahr):<\/strong> 88,600 Nutzer \/ 95,200 Besuche<\/li>\n<li><strong>Traffic der letzten 30 Tage:<\/strong> 53,400 Nutzer \/ 57,500 Besuche (Nebensaison-Zahlen)<\/li>\n<li><strong>Traffic-Quelle:<\/strong> 80% organic traffic, Rest ist Direct + Social + KI<\/li>\n<li><strong>Themen:<\/strong> 90% Reisen, 10% Online-Einkommen\/Marketing, etwas Finanzen<\/li>\n<li>Angebot zur Ver\u00f6ffentlichung von Artikeln und Links: <a href=\"https:\/\/www.whitepress.com\/panel\/publisher\/portals\/166039\" target=\"_blank\" rel=\"noopener\"><strong>Whitepress<\/strong><\/a><\/li>\n<\/ul>\n<div class=\"wp-block-image\">\n<figure class=\"aligncenter size-full\"><img loading=\"lazy\" decoding=\"async\" width=\"1084\" height=\"533\" src=\"https:\/\/loudavymkrokem.cz\/wp-content\/uploads\/2026\/02\/lk-mediakit.png\" alt=\"Media kit 2026\" class=\"wp-image-132586\" title=\"\" srcset=\"https:\/\/loudavymkrokem.cz\/wp-content\/uploads\/2026\/02\/lk-mediakit.png 1084w, https:\/\/loudavymkrokem.cz\/wp-content\/uploads\/2026\/02\/lk-mediakit-300x148.png 300w, https:\/\/loudavymkrokem.cz\/wp-content\/uploads\/2026\/02\/lk-mediakit-700x344.png 700w, https:\/\/loudavymkrokem.cz\/wp-content\/uploads\/2026\/02\/lk-mediakit-768x378.png 768w, https:\/\/loudavymkrokem.cz\/wp-content\/uploads\/2026\/02\/lk-mediakit-696x342.png 696w\" sizes=\"auto, (max-width: 1084px) 100vw, 1084px\"><figcaption class=\"wp-element-caption\">Media kit 2026<\/figcaption><\/figure>\n<\/div>\n<h2 class=\"wp-block-heading\" id=\"e-mail-liste\">E-Mail-Liste<\/h2>\n<p>Jeden Monat versenden wir einen regelm\u00e4\u00dfigen Newsletter mit den besten Reiseartikeln, Marketing-Tipps und Anleitungen zum Online-Geldverdienen.<\/p>\n<p><strong>Unseren Newsletter lesen ~10.100 Reisende, Marketer und Freelancer, die online Geld verdienen.<\/strong><\/p>\n<h3 class=\"wp-block-heading\" id=\"newsletter-sponsoring\">Newsletter-Sponsoring<\/h3>\n<p>M\u00f6chten Sie Ihr Projekt oder Ihre Dienstleistung in unserem Newsletter pr\u00e4sentieren? Werden Sie Sponsor! Wir bieten einmalige und regelm\u00e4\u00dfige Sponsorings an.<\/p>\n<p><strong>Im Rahmen des Newsletters erhalten Sie eine eigene Sektion mit der M\u00f6glichkeit:<\/strong><\/p>\n<ul class=\"wp-block-list\">\n<li>bis zu 5 Textabs\u00e4tze<\/li>\n<li>ein Bild<\/li>\n<li>ein Logo<\/li>\n<li>zwei Links<\/li>\n<\/ul>\n<h2 class=\"wp-block-heading\" id=\"twitter\">Twitter<\/h2>\n<p>Unsere X (Twitter) Konten sind st\u00e4rker auf Business und Marketing ausgerichtet.<\/p>\n<ul class=\"wp-block-list\">\n<li><a href=\"https:\/\/twitter.com\/lukaskonecny\" data-type=\"link\" data-id=\"https:\/\/twitter.com\/lukaskonecny\" target=\"_blank\" rel=\"noopener\"><strong>Luk\u00e1\u0161 Kone\u010dn\u00fd<\/strong><\/a> \u2013 2,800 Follower<\/li>\n<li><a href=\"https:\/\/twitter.com\/Endijka\" target=\"_blank\" rel=\"noopener\"><strong>Lucie Kone\u010dn\u00e1<\/strong><\/a> \u2013 5,800 Follower<\/li>\n<\/ul>\n<h2 class=\"wp-block-heading\" id=\"facebook-seite-und-gruppen\">Facebook-Seite und unsere Gruppen<\/h2>\n<p>Unsere Facebook-Seiten und -Gruppen sind fast ausschlie\u00dflich f\u00fcr Reiseinhalte.<\/p>\n<ul class=\"wp-block-list\">\n<li>Seite <strong><a href=\"https:\/\/www.facebook.com\/LoudavymKrokem\/\" target=\"_blank\" rel=\"noopener\">Loudav\u00fdm Krokem<\/a><\/strong> &#8211; 4,800 Follower<\/li>\n<li>Gruppe <strong><a href=\"https:\/\/www.facebook.com\/groups\/872497006230809\/\" target=\"_blank\" rel=\"noopener\">G\u00fcnstige Reisetipps<\/a><\/strong> &#8211; 2,600 Mitglieder<\/li>\n<li>Gruppe <strong><a href=\"https:\/\/www.facebook.com\/groups\/407379903106268\/\" target=\"_blank\" rel=\"noopener\">Reisende Treffen<\/a><\/strong> &#8211; 1,000 Mitglieder<\/li>\n<\/ul>\n<h2 class=\"wp-block-heading\" id=\"instagram\">Instagram<\/h2>\n<h3 class=\"wp-block-heading\" id=\"lucie-konecna-20300-follower-endijka\">Lucie Kone\u010dn\u00e1 \u2013 20,300 Follower (<a href=\"http:\/\/instagram.com\/endijka\/\" target=\"_blank\" rel=\"noopener\"><strong>@endijka<\/strong><\/a>)<\/h3>\n<p>Konto mit Fokus auf Arbeit und Reisen mit Kindern, Online-Marketing, Online-Geldverdienen.<\/p>\n<ul class=\"wp-block-list\">\n<li>Reels-Reichweite: <strong>bis zu 1.300.000 Aufrufe<\/strong> auf einem einzelnen Reel im Mai 2024<\/li>\n<li>Likes: 200 \u2013 800<\/li>\n<li>Durchschnittliche Kommentare: 80<\/li>\n<li>Durchschnittliche Story-Aufrufe: 5,000<\/li>\n<li><strong>Engagement rate: 192%<\/strong> ((Likes + Kommentare) \/ Follower)<\/li>\n<\/ul>\n<div><a href=\"https:\/\/loudavymkrokem.cz\/wp-content\/uploads\/2026\/02\/endijka-ig.png\" class=\"td-modal-image\"><\/p>\n<figure class=\"wp-block-image size-full\"><img loading=\"lazy\" decoding=\"async\" width=\"821\" height=\"523\" src=\"https:\/\/loudavymkrokem.cz\/wp-content\/uploads\/2026\/02\/endijka-ig.png\" alt=\"Lucka Instagram - @endijka\" class=\"wp-image-132587\" title=\"\" srcset=\"https:\/\/loudavymkrokem.cz\/wp-content\/uploads\/2026\/02\/endijka-ig.png 821w, https:\/\/loudavymkrokem.cz\/wp-content\/uploads\/2026\/02\/endijka-ig-300x191.png 300w, https:\/\/loudavymkrokem.cz\/wp-content\/uploads\/2026\/02\/endijka-ig-700x446.png 700w, https:\/\/loudavymkrokem.cz\/wp-content\/uploads\/2026\/02\/endijka-ig-768x489.png 768w, https:\/\/loudavymkrokem.cz\/wp-content\/uploads\/2026\/02\/endijka-ig-696x443.png 696w\" sizes=\"auto, (max-width: 821px) 100vw, 821px\"><figcaption class=\"wp-element-caption\">Lucka Instagram &#8211; @endijka<\/figcaption><\/figure>\n<p><\/a><\/div>\n<div class=\"wp-block-columns is-layout-flex wp-container-core-columns-is-layout-9d6595d7 wp-block-columns-is-layout-flex\">\n<div class=\"wp-block-column is-layout-flow wp-block-column-is-layout-flow\">\n<div><a href=\"https:\/\/loudavymkrokem.cz\/wp-content\/uploads\/2024\/05\/dd6e2c3f-8403-4684-b940-a90dde33c9b9.jpg\" class=\"td-modal-image\"><\/p>\n<figure class=\"wp-block-image size-full\"><img loading=\"lazy\" decoding=\"async\" width=\"945\" height=\"2048\" src=\"https:\/\/loudavymkrokem.cz\/wp-content\/uploads\/2024\/05\/dd6e2c3f-8403-4684-b940-a90dde33c9b9.jpg\" alt=\"\" class=\"wp-image-84557\" title=\"\" srcset=\"https:\/\/loudavymkrokem.cz\/wp-content\/uploads\/2024\/05\/dd6e2c3f-8403-4684-b940-a90dde33c9b9.jpg 945w, https:\/\/loudavymkrokem.cz\/wp-content\/uploads\/2024\/05\/dd6e2c3f-8403-4684-b940-a90dde33c9b9-138x300.jpg 138w, https:\/\/loudavymkrokem.cz\/wp-content\/uploads\/2024\/05\/dd6e2c3f-8403-4684-b940-a90dde33c9b9-700x1517.jpg 700w, https:\/\/loudavymkrokem.cz\/wp-content\/uploads\/2024\/05\/dd6e2c3f-8403-4684-b940-a90dde33c9b9-768x1664.jpg 768w, https:\/\/loudavymkrokem.cz\/wp-content\/uploads\/2024\/05\/dd6e2c3f-8403-4684-b940-a90dde33c9b9-709x1536.jpg 709w, https:\/\/loudavymkrokem.cz\/wp-content\/uploads\/2024\/05\/dd6e2c3f-8403-4684-b940-a90dde33c9b9-696x1508.jpg 696w\" sizes=\"auto, (max-width: 945px) 100vw, 945px\"><\/figure>\n<p><\/a><\/div>\n<\/div>\n<div class=\"wp-block-column is-layout-flow wp-block-column-is-layout-flow\">\n<div><a href=\"https:\/\/loudavymkrokem.cz\/wp-content\/uploads\/2024\/05\/bc5e6d85-e59f-45ad-b318-e22e253c7371_1.jpg\" class=\"td-modal-image\"><\/p>\n<figure class=\"wp-block-image size-full\"><img loading=\"lazy\" decoding=\"async\" width=\"945\" height=\"2048\" src=\"https:\/\/loudavymkrokem.cz\/wp-content\/uploads\/2024\/05\/bc5e6d85-e59f-45ad-b318-e22e253c7371_1.jpg\" alt=\"\" class=\"wp-image-84553\" title=\"\" srcset=\"https:\/\/loudavymkrokem.cz\/wp-content\/uploads\/2024\/05\/bc5e6d85-e59f-45ad-b318-e22e253c7371_1.jpg 945w, https:\/\/loudavymkrokem.cz\/wp-content\/uploads\/2024\/05\/bc5e6d85-e59f-45ad-b318-e22e253c7371_1-138x300.jpg 138w, https:\/\/loudavymkrokem.cz\/wp-content\/uploads\/2024\/05\/bc5e6d85-e59f-45ad-b318-e22e253c7371_1-700x1517.jpg 700w, https:\/\/loudavymkrokem.cz\/wp-content\/uploads\/2024\/05\/bc5e6d85-e59f-45ad-b318-e22e253c7371_1-768x1664.jpg 768w, https:\/\/loudavymkrokem.cz\/wp-content\/uploads\/2024\/05\/bc5e6d85-e59f-45ad-b318-e22e253c7371_1-709x1536.jpg 709w, https:\/\/loudavymkrokem.cz\/wp-content\/uploads\/2024\/05\/bc5e6d85-e59f-45ad-b318-e22e253c7371_1-696x1508.jpg 696w\" sizes=\"auto, (max-width: 945px) 100vw, 945px\"><\/figure>\n<p><\/a><\/div>\n<\/div>\n<div class=\"wp-block-column is-layout-flow wp-block-column-is-layout-flow\">\n<div><a href=\"https:\/\/loudavymkrokem.cz\/wp-content\/uploads\/2024\/05\/af49493d-fc87-46a9-a079-61f65a769f2b.jpg\" class=\"td-modal-image\"><\/p>\n<figure class=\"wp-block-image size-full\"><img loading=\"lazy\" decoding=\"async\" width=\"945\" height=\"2048\" src=\"https:\/\/loudavymkrokem.cz\/wp-content\/uploads\/2024\/05\/af49493d-fc87-46a9-a079-61f65a769f2b.jpg\" alt=\"\" class=\"wp-image-84549\" title=\"\" srcset=\"https:\/\/loudavymkrokem.cz\/wp-content\/uploads\/2024\/05\/af49493d-fc87-46a9-a079-61f65a769f2b.jpg 945w, https:\/\/loudavymkrokem.cz\/wp-content\/uploads\/2024\/05\/af49493d-fc87-46a9-a079-61f65a769f2b-138x300.jpg 138w, https:\/\/loudavymkrokem.cz\/wp-content\/uploads\/2024\/05\/af49493d-fc87-46a9-a079-61f65a769f2b-700x1517.jpg 700w, https:\/\/loudavymkrokem.cz\/wp-content\/uploads\/2024\/05\/af49493d-fc87-46a9-a079-61f65a769f2b-768x1664.jpg 768w, https:\/\/loudavymkrokem.cz\/wp-content\/uploads\/2024\/05\/af49493d-fc87-46a9-a079-61f65a769f2b-709x1536.jpg 709w, https:\/\/loudavymkrokem.cz\/wp-content\/uploads\/2024\/05\/af49493d-fc87-46a9-a079-61f65a769f2b-696x1508.jpg 696w\" sizes=\"auto, (max-width: 945px) 100vw, 945px\"><\/figure>\n<p><\/a><\/div>\n<\/div>\n<\/div>\n<h3 class=\"wp-block-heading\" id=\"lukas-konecny-4500-follower-lukaskonecny\">Luk\u00e1\u0161 Kone\u010dn\u00fd (4,500 Follower) &#8211; <a href=\"http:\/\/instagram.com\/lukaskonecny\/\" target=\"_blank\" rel=\"noopener\"><strong>@lukaskonecny<\/strong><\/a><\/h3>\n<h3 class=\"wp-block-heading\" id=\"loudavym-krokem-11200-follower-loudavymkrokem\">Loudav\u00fdm Krokem (11,200 Follower) &#8211; <a href=\"http:\/\/instagram.com\/loudavymkrokem\/\" target=\"_blank\" rel=\"noopener\"><strong>@loudavymkrokem<\/strong><\/a><\/h3>\n<h2 class=\"wp-block-heading\" id=\"tiktok\">TikTok<\/h2>\n<h3 class=\"wp-block-heading\" id=\"lucie-konecna-endijka\">Lucie Kone\u010dn\u00e1 \u2013 <a href=\"https:\/\/www.tiktok.com\/@endijka\" target=\"_blank\" rel=\"noopener\">@endijka<\/a><\/h3>\n<p>Konto mit Fokus auf Arbeit und Reisen mit Kindern, Online-Marketing, Online-Geldverdienen.<\/p>\n<ul class=\"wp-block-list\">\n<li>Reichweite: 10,000 \u2013 150,000<\/li>\n<li>Kommentare: 30 \u2013 300<\/li>\n<\/ul>\n<div><a href=\"https:\/\/loudavymkrokem.cz\/wp-content\/uploads\/2024\/05\/Snimek-obrazovky-2024-05-18-v-12.40.20.jpg\" class=\"td-modal-image\"><\/p>\n<figure class=\"wp-block-image size-full\"><img loading=\"lazy\" decoding=\"async\" width=\"2162\" height=\"608\" src=\"https:\/\/loudavymkrokem.cz\/wp-content\/uploads\/2024\/05\/Snimek-obrazovky-2024-05-18-v-12.40.20.jpg\" alt=\"\" class=\"wp-image-84564\" title=\"\" srcset=\"https:\/\/loudavymkrokem.cz\/wp-content\/uploads\/2024\/05\/Snimek-obrazovky-2024-05-18-v-12.40.20.jpg 2162w, https:\/\/loudavymkrokem.cz\/wp-content\/uploads\/2024\/05\/Snimek-obrazovky-2024-05-18-v-12.40.20-300x84.jpg 300w, https:\/\/loudavymkrokem.cz\/wp-content\/uploads\/2024\/05\/Snimek-obrazovky-2024-05-18-v-12.40.20-700x197.jpg 700w, https:\/\/loudavymkrokem.cz\/wp-content\/uploads\/2024\/05\/Snimek-obrazovky-2024-05-18-v-12.40.20-768x216.jpg 768w, https:\/\/loudavymkrokem.cz\/wp-content\/uploads\/2024\/05\/Snimek-obrazovky-2024-05-18-v-12.40.20-1536x432.jpg 1536w, https:\/\/loudavymkrokem.cz\/wp-content\/uploads\/2024\/05\/Snimek-obrazovky-2024-05-18-v-12.40.20-2048x576.jpg 2048w, https:\/\/loudavymkrokem.cz\/wp-content\/uploads\/2024\/05\/Snimek-obrazovky-2024-05-18-v-12.40.20-696x196.jpg 696w, https:\/\/loudavymkrokem.cz\/wp-content\/uploads\/2024\/05\/Snimek-obrazovky-2024-05-18-v-12.40.20-1392x391.jpg 1392w, https:\/\/loudavymkrokem.cz\/wp-content\/uploads\/2024\/05\/Snimek-obrazovky-2024-05-18-v-12.40.20-1920x540.jpg 1920w\" sizes=\"auto, (max-width: 2162px) 100vw, 2162px\"><\/figure>\n<p><\/a><\/div>\n<p class=\"has-text-align-center\"><span style=\"font-size: 8pt;\"><a href=\"http:\/\/www.czin.eu\/in\/1553129773.html\" target=\"_blank\" rel=\"noopener\">CZIN.eu<\/a>&nbsp;<\/span><\/p>\n","protected":false},"excerpt":{"rendered":"<p>Letzte Aktualisierung: 26.2.2026 Website Loudav\u00fdm krokem Durchschnittlicher monatlicher Traffic (letztes Jahr): 88,600 Nutzer \/ 95,200 Besuche Traffic der letzten 30 Tage: 53,400 Nutzer \/ 57,500 Besuche (Nebensaison-Zahlen) Traffic-Quelle: 80% organic traffic, Rest ist Direct + Social + KI Themen: 90% Reisen, 10% Online-Einkommen\/Marketing, etwas Finanzen Angebot zur Ver\u00f6ffentlichung von Artikeln und Links: Whitepress Media kit [&hellip;]<\/p>\n","protected":false},"author":2,"featured_media":0,"parent":0,"menu_order":0,"comment_status":"closed","ping_status":"closed","template":"","meta":{"footnotes":""},"class_list":["post-132720","page","type-page","status-publish"],"featured_image_src":null,"_links":{"self":[{"href":"https:\/\/loudavymkrokem.cz\/de\/wp-json\/wp\/v2\/pages\/132720","targetHints":{"allow":["GET"]}}],"collection":[{"href":"https:\/\/loudavymkrokem.cz\/de\/wp-json\/wp\/v2\/pages"}],"about":[{"href":"https:\/\/loudavymkrokem.cz\/de\/wp-json\/wp\/v2\/types\/page"}],"author":[{"embeddable":true,"href":"https:\/\/loudavymkrokem.cz\/de\/wp-json\/wp\/v2\/users\/2"}],"replies":[{"embeddable":true,"href":"https:\/\/loudavymkrokem.cz\/de\/wp-json\/wp\/v2\/comments?post=132720"}],"version-history":[{"count":0,"href":"https:\/\/loudavymkrokem.cz\/de\/wp-json\/wp\/v2\/pages\/132720\/revisions"}],"wp:attachment":[{"href":"https:\/\/loudavymkrokem.cz\/de\/wp-json\/wp\/v2\/media?parent=132720"}],"curies":[{"name":"wp","href":"https:\/\/api.w.org\/{rel}","templated":true}]}}